{"id":109,"date":"2015-11-30T06:48:29","date_gmt":"2015-11-30T06:48:29","guid":{"rendered":"http:\/\/harvest.edu\/wpspanish\/?page_id=109"},"modified":"2017-11-19T19:53:45","modified_gmt":"2017-11-19T19:53:45","slug":"academica","status":"publish","type":"page","link":"https:\/\/harvest.edu\/wpspanish\/academica\/","title":{"rendered":"ACAD\u00c9MICA"},"content":{"rendered":"<h2 style=\"text-align: justify;\"><span style=\"color: #263997;\">La Unidad de Cr\u00e9dito<\/span><\/h2>\n<p style=\"text-align: justify;\"><span style=\"margin-left: 24px;\">Las<\/span> unidades de cr\u00e9dito otorgadas por la Universidad B\u00edblica Harvest deben de ser obtenidas inscribi\u00e9ndose en los cursos, asistiendo a las clases, completando el trabajo requerido, tomando ex\u00e1menes y recibiendo grados. En casos muy raros, como Evangelismo y ciertos electivos, un curso puede estar basado primariamente en una actividad dirigida. Sin embargo, un instructor siempre estar\u00e1 a cargo, reportes escritos y asistencia son requeridos y grados ser\u00e1n otorgados.<br \/>\n<span style=\"margin-left: 24px;\">Cada<\/span> curso representa dos unidades de cr\u00e9dito por cada trimestre. Tanto como sea posible, los cursos est\u00e1n designados para que el trabajo sea similar en su totalidad; sin embargo, algunas diferencias son inevitables, dependiendo de la naturaleza del material cubierto, en cada curso.<\/p>\n<h2 style=\"text-align: justify;\"><span style=\"color: #263997;\">Sistema de Calificaciones<\/span><\/h2>\n<p style=\"text-align: justify;\"><strong>Grados de cada Curso<\/strong><\/p>\n<p style=\"text-align: justify;\"><span style=\"margin-left: 24px;\">Los<\/span> grados son otorgados cada trimestre para cada curso y se registran en el expediente acad\u00e9mico del estudiante, y en el registro permanente del curso. Una tarjeta de calificaciones se entrega al estudiante despu\u00e9s del final del trimestre. Los grados son otorgados en las siguientes bases:<\/p>\n<p style=\"text-align: justify;\"><b>Trabajo\/Grado | Regular | Graduado<\/b><br \/>\nExcelente = A | 90% &#8211; 100% | 95% -100%<br \/>\n<img loading=\"lazy\" class=\"alignright wp-image-278 size-medium\" src=\"https:\/\/harvest.edu\/wpspanish\/wp-content\/uploads\/2015\/11\/HA_0040_72-225x300.jpg\" alt=\"HA_0040_72\" width=\"225\" height=\"300\" srcset=\"https:\/\/harvest.edu\/wpspanish\/wp-content\/uploads\/2015\/11\/HA_0040_72-225x300.jpg 225w, https:\/\/harvest.edu\/wpspanish\/wp-content\/uploads\/2015\/11\/HA_0040_72.jpg 360w\" sizes=\"(max-width: 225px) 100vw, 225px\" \/>Bueno= B | 80% &#8211; 89% | 90% &#8211; 94%<br \/>\nPromedio= C | 70% &#8211; 79% | 85% &#8211; 89%<br \/>\nMediocre= D | 60% &#8211; 69% | 80% &#8211; 84%<br \/>\nSuspendido= F | 0% &#8211; 59% | 0% &#8211; 79%<br \/>\n<b>Inc<\/b> = Incompleto (trabajo no terminado)<br \/>\n<b>Aud<\/b> = Oyente (no obtiene grados)<br \/>\n<b>W<\/b> = Abandon\u00f3 la clase<\/p>\n<h2 style=\"text-align: justify;\"><span style=\"color: #263997;\">Sistema de Puntos de Calificaci\u00f3n<\/span><\/h2>\n<p style=\"text-align: justify;\"><span style=\"margin-left: 24px;\">Los<\/span> puntos de la calificaci\u00f3n est\u00e1n en la lista de grados de curso con el simple prop\u00f3sito de calcular el promedio de puntos del estudiante. \u00c9stos no son unidades de cr\u00e9dito.<\/p>\n<p>A = 4.0 puntos | A- = 3.7 puntos<br \/>\nB+ = 3.3 puntos | B = 3.0 puntos | B- = 2.7 puntos<br \/>\nC = 2.0 puntos | C- = 1.7 puntos | C+ = 2.3 puntos<br \/>\nD+ = 1.3 puntos | D = 1.0 puntos | D- = 0.7 puntos<br \/>\nF = 0.0 puntos<\/p>\n<h2 style=\"text-align: justify;\"><span style=\"color: #263997;\">Ex\u00e1menes<\/span><\/h2>\n<p style=\"text-align: justify;\"><span style=\"margin-left: 24px;\">Los<\/span> ex\u00e1menes son m\u00ednimos con la idea que la presi\u00f3n acad\u00e9mica no afecte demasiado a los estu\u00addiantes. Sin embargo, los ex\u00e1menes son parte importante del proceso de aprendizaje y son aplicados de una manera consistente de acuerdo a la Palabra y los caminos de Dios.<br \/>\n<span style=\"margin-left: 24px;\">Algunos<\/span> puntos espec\u00edficos son: (1) Dios no nos prueba m\u00e1s de lo que podemos soportar. De tal manera, los instructores en Harvest tratan de mantener el numero de ex\u00e1menes a lo m\u00ednimo. (2) Dios nos prueba para nuestro propio bien, para que as\u00ed crezcamos a la im\u00e1gen de Jesucristo. Entonces, todas las pruebas en Harvest a manera de ex\u00e1menes son elaboradas para lograr que el aprendizaje crezca, y no para poner presi\u00f3n sobre los estudiantes.<br \/>\n<span style=\"margin-left: 24px;\">Las<\/span> pruebas ayudan el proceso de aprendizaje por medio de: (a) la atenci\u00f3n intensiva del estudiante al material que se examinar\u00e1; (b) el proceso de aprender el material mejor por el estudio para el ex\u00e1men; (c) el \u201crepaso\u201d actual al tomar la prueba; y (d) el repaso que es logrado al ser devuelto el ex\u00e1men y el estudiante se puede dar cuenta c\u00f3mo fue su actuaci\u00f3n. Esta \u00faltima parte es muy importante, y por eso es que una de las p\u00f3lizas para los instructores es, la de devolver el examen calificado la pr\u00f3xima vez que la clase se re\u00fane, excepto en el caso de ex\u00e1menes finales, los cuales deben ser devueltos a los estudiantes o enviados a la oficina de la Universidad una semana despu\u00e9s del final del trimestre.<\/p>\n<h2 style=\"text-align: justify;\"><span style=\"color: #263997;\">Ausencia de Ex\u00e1menes y Tareas no Terminadas<\/span><\/h2>\n<p style=\"text-align: justify;\"><span style=\"margin-left: 24px;\">Un<\/span> estudiante que no hace un examen debe de tomarlo la pr\u00f3xima vez que \u00e9l o ella viene a la clase. A no ser que la raz\u00f3n por no haber hecho el examen fue una ausencia justificada (ver la secci\u00f3n de \u201cAsistencia\u201d) posiblemente se restar\u00e1 un grado al resultado del examen si \u00e9ste es tomado innecesariamente tarde. As\u00ed que aseg\u00farese de hablar con su instructor cuando esto suceda.<br \/>\n<span style=\"margin-left: 24px;\">Es<\/span> la responsabilidad del estudiante hacer contacto con el instructor y arreglar un tiempo para hacer el examen que no pudo realizar. El estudiante que falla en entregar una tarea, excepto por una ausencia justificada (ver la secci\u00f3n de \u201cAsistencia\u201d) obtendr\u00e1 un grado menor si fue entregada tarde sin justificaci\u00f3n.<br \/>\n<span style=\"margin-left: 24px;\">La<\/span> raz\u00f3n de estas p\u00f3lizas no es la de ayudar a la Universidad o los instructores, sino la de ayudar a los estudiantes a no procrastinar por tanto tiempo y pierdan el entusiasmo, el inter\u00e9s y terminan por dejar el curso. Si te encuentras en una situaci\u00f3n de atraso que lo hace sentirse desalentado, aseg\u00farate de ver a tu instructor, el encargado de registros en la oficina, o al Decano para encontrar ayuda y motivaci\u00f3n.<\/p>\n<h2 style=\"text-align: justify;\"><span style=\"color: #263997;\">Incompletos<\/span><\/h2>\n<p style=\"text-align: justify;\"><span style=\"margin-left: 24px;\">Si<\/span> un estudiante no puede completar el trabajo en un curso antes del fin del trimestre ya sea por enfermedad o por otros problemas (no por no hacerlo a tiempo), \u00e9l o ella puede pedirle al instructor que le d\u00e9 un \u201cincompleto\u201d en vez de un grado. El estudiante entonces tendr\u00e1 tiempo de completar el trabajo no hecho, hasta 30 d\u00edas normalmente despu\u00e9s del \u00faltimo d\u00eda de clase del trimestre. Si el estudian\u00adte no termina su trabajo en ese tiempo, el grado final del curso posiblemente ser\u00e1 basado en el trabajo que ya ha completado, con los grados que no obtuvo y las tareas sin hacer (consideradas como \u201cF\u201d) esto resultar\u00e1 en un grado m\u00e1s bajo, o a\u00fan una \u201cF,\u201d por el trimestre. N\u00f3tese que es la responsabilidad del estudiante de preocuparse por sus grados y asignaciones, no la del instructor o la oficina de la Universidad.<\/p>\n<h2 style=\"text-align: justify;\"><span style=\"color: #263997;\">Tarjetas de Calificaciones<\/span><\/h2>\n<p style=\"text-align: justify;\"><span style=\"margin-left: 24px;\">Los<\/span> instructores deber\u00e1n entregar todos los grados y registros de asistencia a la oficina de la Universidad una semana despu\u00e9s del final de cada trimestre. La oficina dar\u00e1 las tarjetas de calificaci\u00f3n a los estudiantes que han logrado grados.<\/p>\n<h2 style=\"text-align: justify;\"><span style=\"color: #263997;\">Repetici\u00f3n de Curso<\/span><\/h2>\n<p style=\"text-align: justify;\"><span style=\"margin-left: 24px;\">Si&gt;\/span&gt; un estudiante ha tomado un curso y recibi\u00f3 una pobre calificaci\u00f3n, el o ella puede pedir permiso para tomar el curso de nuevo y que la mejor de las dos calificaciones sea entrada en su transcripci\u00f3n oficial. Note, que sin embargo, el cr\u00e9dito ser\u00e1 otorgado por uno vez que el curso fue tomado, no por las dos. Tambi\u00e9n, la matricula regular ser\u00e1 cobrada cada vez que se tome ese curso.<\/span><\/p>\n<h2 style=\"text-align: justify;\"><span style=\"color: #263997;\">Per\u00edodo de Prueba Acad\u00e9mica<\/span><\/h2>\n<p style=\"text-align: justify;\"><span style=\"margin-left: 24px;\">Cualquier<\/span> estudiante que obtenga seis o m\u00e1s uni\u00addades con el grado \u201cF\u201d ser\u00e1 puesto en un per\u00edodo de \u201cprueba acad\u00e9mica.\u201d Esto sencillamente significa que durante el pr\u00f3ximo trimestre el estudiante tendr\u00e1 el cuidado y la preocupaci\u00f3n de la facultad y la administraci\u00f3n para ayudarle a mejorar. Se aconseja que hables con tu instructor o el Decano antes de llegar a este punto. Ellos estar\u00e1n felices de ayudarte.<\/p>\n<h2 style=\"text-align: justify;\"><span style=\"color: #263997;\">A\u00f1adiendo, Cambiando o Dejando Clases<\/span><\/h2>\n<p style=\"text-align: justify;\"><span style=\"margin-left: 24px;\">Un<\/span> estudiante puede a\u00f1adir, cambiar o dejar cursos durante las primeras dos semanas del trimestre si acude al director de registros y llena la solicitud apropiada.<br \/>\n<span style=\"margin-left: 24px;\">Si<\/span> un estudiante desea dejar un curso, \u00e9l o ella lo deben notificar al director de registros. De esta forma, el cr\u00e9dito financiero podr\u00e1 ser obtenido de acuer\u00addo al programa de reembolso en la secci\u00f3n fi\u00adnanciera de este cat\u00e1logo, y el estudiante recibir\u00e1 una \u201cW\u201d en ese curso (Retirado de la clase). Si un estudiante simplemente deja de asistir a la clase, \u00e9l o ella seguir\u00e1 en la lista, se le cobrar\u00e1 por el curso y puede recibir una \u201cF\u201d en ese curso.<br \/>\n<span style=\"margin-left: 24px;\">As\u00ed<\/span> es que aseg\u00farate de hacer saber al director de registros antes de hacer cualquier cambio para que tus grados y cargos financieros est\u00e9n claros.<\/p>\n<h2 style=\"text-align: justify;\"><span style=\"color: #263997;\">Oyente de Curso<\/span><\/h2>\n<p style=\"text-align: justify;\"><span style=\"margin-left: 24px;\">Algunas&gt;\/span&gt; veces un estudiante desea tomar un curso en particular pero no quiere obtener cr\u00e9ditos por \u00e9l. Esto es referido como \u201cser oyente\u201d de un curso. No envuelve tareas, ex\u00e1menes, reque\u00adrimiento de asistencia, y tiene un costo de matr\u00edcula m\u00e1s bajo. El \u201coyente\u201d simplemente se sienta en la clase y oye.<br \/>\n<span style=\"margin-left: 24px;\">Los<\/span> oyentes normalmente no reciben un grado ya que no est\u00e1n tomando el curso para obtener un cr\u00e9dito. Sin embargo, a algunos oyentes les gustar\u00eda tener la opci\u00f3n de recibir cr\u00e9dito m\u00e1s tarde por el curso. Ellos necesitan lo siguiente: Dejarle saber esto al instructor; llenar los requisitos normales de asistencia, tareas y ex\u00e1menes. Tambi\u00e9n tendr\u00e1n que pedirle al instructor que les de un \u201cgrado\u201d en su libro de grados al final del trimestre. Si ellos m\u00e1s tarde quieren cambiar y recibir su cr\u00e9dito, deber\u00e1n ir al director de registros y pedir el cambio. Si todo est\u00e1 en \u00f3rden, ellos entonces podr\u00e1n pagar el resto de la matr\u00edcula y el director de registros pondr\u00e1 su grado y las unidades de cr\u00e9dito en su transcripci\u00f3n oficial de grados como un curso regular.<\/span><\/p>\n<h2 style=\"text-align: justify;\"><span style=\"color: #263997;\">Asistencia<\/span><\/h2>\n<p style=\"text-align: justify;\"><strong>Asistencia a la Clase<\/strong><\/p>\n<p style=\"text-align: justify;\"><span style=\"margin-left: 24px;\">La<\/span> asistencia es requerida, a\u00fan si un estudiante puede pasar los ex\u00e1menes sin venir a la clase. El motivo es porque la meta de Dios para nosotros es el que nos pongamos bajo la autoridad de hombres y mujeres de Dios, recibiendo del esp\u00edritu del profesor, no solamente de la informaci\u00f3n que llena nuestras mentes. Dios ministra a trav\u00e9s de vidas. El contacto personal con un instructor es m\u00e1s importante que el tomar notas en clase.<br \/>\n<span style=\"margin-left: 24px;\">Tambi\u00e9n<\/span> el mantener la unidad del Cuerpo de Cristo con otros estudiantes en la clase es esencial para poder crecer en la gracia y el conocimiento de nuestro Se\u00f1or Jesucristo. Cuando algunos estudiantes pierden clases a menudo, o llegan tarde a las mismas, la unidad en los estudiantes es quebrantada y una actitud de indiferencia puede contagiar a otros y eso hace que el gozo y la intimidad de crecer juntos en Cristo no est\u00e9 presente. Por consiguiente, se lleva record de las ausencias y llegadas tarde. A continuaci\u00f3n veremos los detalles espec\u00edficos de la P\u00f3liza de Asistencia:<br \/>\n<span style=\"margin-left: 24px;\"><i>Tardanzas<\/i><\/span>\u2014 a la clase despu\u00e9s que \u00e9sta ha comenzado. Tres tardanzas son consideradas como una ausencia sin excusa.<br \/>\n<span style=\"margin-left: 24px;\"><i>Ausencias sin excusa<\/i><\/span>\u2014 m\u00e1ximo una por curso, cada trimestre.<br \/>\n<span style=\"margin-left: 24px;\"><i>Ausencias con excusa<\/i><\/span>\u2014 m\u00e1ximo tres por curso, cada trimestre, m\u00e1ximo.<br \/>\n<span style=\"margin-left: 24px;\"><i>Total de ausencias<\/i><\/span>\u2014 tres por clase, cada trimestre, excusables o no. Definici\u00f3n: Ausencias excusables son permitidas por enfermedad, muerte en la familia, u otros asuntos. No son permitidas por vacaciones, ayudando a alguien a mudarse, trabajando tiempo extra para ganar m\u00e1s dinero, u otras \u201cbuenas\u201d razones (Prov. 21:2).<br \/>\n<span style=\"margin-left: 24px;\">\u201cEl<\/span> total de ausencias\u201d quiere decir la suma total de ausencias inexcusables y excusables, inclu\u00adyendo ausencias escritas por la raz\u00f3n de tener tres o m\u00e1s \u201ctardanzas.\u201d (Por ejemplo, si un estudiante tiene una ausencia sin excusa, entonces \u00e9l o ella pueden tener dos ausencias excusadas, no tres. O si \u00e9l o ella tienen tres \u201ctardanzas\u201d y una ausencia sin excusa, entonces solamente una ausencia excusada es admitida. El total no puede ser m\u00e1s de tres en ning\u00fan caso.) Cualquier situaci\u00f3n no resuelta ser\u00e1 referida al Decano para su decisi\u00f3n.<br \/>\n<span style=\"margin-left: 24px;\">Si<\/span> un estudiante excede el l\u00edmite y tiene muchas ausencias, \u00e9l o ella puede ir al director de re\u00adgistros y pedir que sea cambiado de \u201ccr\u00e9dito\u201d a \u201coyente\u201d en ese curso y as\u00ed poder continuar tomando la clase; \u00e9l o ella pueden pedir oficialmente salirse del curso y as\u00ed evitar una \u201cF.\u201d Si no se hace ninguna de estas dos soluciones, el curso tendr\u00e1 una \u201cF.\u201d<br \/>\n<span style=\"margin-left: 24px;\">Si&gt;\/span&gt; el estudiante est\u00e1 llegando al l\u00edmite, \u00e9l o ella deber\u00e1n hablar con el director de registros o el Decano antes de que sea muy tarde y el cr\u00e9dito y el curso sean perdidos.<\/span><\/p>\n<p style=\"text-align: justify;\"><strong>Asistencia a la Capilla<\/strong><\/p>\n<p style=\"text-align: justify;\"><span style=\"margin-left: 24px;\">La<\/span> Capilla es una de las partes m\u00e1s significativas de la experiencia de una Universidad B\u00edblica. Es un tiempo intermedio entre clases cuando todos nos juntamos a alabar al Se\u00f1or \u2014 cantando, alabando y ador\u00e1ndole a El; orando unos por otros; compartiendo juntos, y edific\u00e1ndonos cada uno en el Cuerpo de Cristo. Es tambi\u00e9n un tiempo cuando podemos tener predicadores de afuera y otros programas especiales, dejar que algunos estudiantes prediquen y tambi\u00e9n muchas otras cosas que podemos hacer juntos.<br \/>\n<span style=\"margin-left: 24px;\">El<\/span> tiempo de adoraci\u00f3n se hace en el intermedio de las clases nocturnas. Todo universitario atendiendo clases esa noche a de asistir, a\u00fan si s\u00f3lo toma una clase.<\/p>\n<p style=\"text-align: justify;\"><strong>Asistencia a la Iglesia<\/strong><\/p>\n<p style=\"text-align: justify;\"><span style=\"margin-left: 24px;\">La<\/span> universidad no existe para dar diplomas, ni s\u00f3lo para dar informaci\u00f3n. La meta es producir personas \u00edntegras que sean ejemplos de Cristianos sanos y comprometidos. Por eso es requisito que todos asistan semanalmente a su iglesia.<\/p>\n<h2 style=\"text-align: justify;\"><span style=\"color: #263997;\">Cr\u00e9ditos Transferidos<\/span><\/h2>\n<p style=\"text-align: justify;\"><span style=\"margin-left: 24px;\">Ya<\/span> que la meta de Harvest es entrenar Cristianos que amen la Palabra de Dios, que posean una teolog\u00eda competente y que sirvan fielmente, la transferencia de otra instituci\u00f3n es cuidadosamente evaluada antes de ser aceptada. Estas son las normas m\u00ednimas:<br \/>\n<span style=\"margin-left: 24px;\">1.<\/span> El estudiante debe pedir que el otro establecimiento env\u00ede un documento oficial sellado a Harvest de los grados obtenidos.<br \/>\n<span style=\"margin-left: 24px;\">2.<\/span> Esa instituci\u00f3n debe estar acreditada o aprobada. Si no es as\u00ed, el Comit\u00e9 har\u00e1 un an\u00e1lisis de tal instituci\u00f3n basado en su cat\u00e1logo, y una evaluaci\u00f3n de su sistema de estudios y notas de sus cursos. Tomar\u00e1 en cuenta si se halla en la lista de instituciones reconocidas y se comunicar\u00e1 con personas relacionadas con el establecimiento y su personal.<br \/>\n<span style=\"margin-left: 24px;\">3.<\/span> Los cursos con una \u201cA\u201d o \u201cB\u201d ser\u00e1n considerados para trasferencia. Toda \u201cC\u201d podr\u00eda ser parcialmente o totalmente aceptada (los cr\u00e9ditos semestrales son convertidos a trimestrales de esta manera: Una unidad de semestre equivale a 1.5 unidades trimestrales).<br \/>\n<span style=\"margin-left: 24px;\">4.<\/span> Los cursos equivalentes ser\u00e1n transferidos. Los que son similares ser\u00e1n transferidos parcialmente. Los que son diferentes pero contribuyen a la especialidad que desea ser obtenida, pueden ser transferidas parcialmente o completamente.<br \/>\n<span style=\"margin-left: 24px;\">5.<\/span> Se tiene que obtener una cuarta parte de cr\u00e9ditos en Harvest para obtener un t\u00edtulo o certificado.<br \/>\n<span style=\"margin-left: 24px;\">6.<\/span> En cada caso, la decisi\u00f3n del Comit\u00e9 ser\u00e1 final.<\/p>\n<h2 style=\"text-align: justify;\"><span style=\"color: #263997;\">P\u00f3liza de Graduaci\u00f3n<\/span><\/h2>\n<p style=\"text-align: justify;\"><span style=\"margin-left: 24px;\">Todo<\/span> t\u00edtulo ser\u00e1 conferido en la ceremonia de graduaci\u00f3n solamente. Categ\u00f3ricamente no se otorgar\u00e1 en otra fecha (excepto en casos de enfermedad extrema o muerte en la familia), ni tampoco si el universitario est\u00e1 en un per\u00edodo de prueba o amonestaci\u00f3n. Se le anima a todo estudiante a consultar con el Rector o el Decano de campus antes que esta situaci\u00f3n se agrave.<br \/>\n<span style=\"margin-left: 24px;\">Tambi\u00e9n,<\/span> como fue explicado anteriormente, Harvest no esta tan interesado en dar diplomas como en desarrollar hombres y mujeres de Dios. Por la tanto, simplemente completando todos los requisitos acad\u00e9micos no autom\u00e1ticamente garantiza un titulo recibido. Si un estudiante es persistente en vivir de una manera no conforme a Cristo despu\u00e9s de repetidas admoniciones de parte de la facultad o el Rector, el o ella posiblemente no recibir\u00e1n un t\u00edtulo. Sin embargo, esta p\u00f3liza refiere solamente a casos claros, donde el estudiante ha sido advertido mas de una vez por el Rector de la posibilidad de no recibir un t\u00edtulo y se le ha dado atenci\u00f3n especial en varias ocasiones para ayudarle con el problema(s).<\/p>\n","protected":false},"excerpt":{"rendered":"<p>La Unidad de Cr\u00e9dito Las unidades de cr\u00e9dito otorgadas por la Universidad B\u00edblica Harvest deben de ser obtenidas inscribi\u00e9ndose en los cursos, asistiendo a las clases, completando el trabajo requerido, tomando ex\u00e1menes y recibiendo grados. En casos muy raros, como Evangelismo y ciertos electivos, un curso puede estar basado primariamente en una actividad dirigida. Sin&#8230; <\/p>\n","protected":false},"author":1,"featured_media":0,"parent":0,"menu_order":0,"comment_status":"closed","ping_status":"closed","template":"page-full.php","meta":[],"_links":{"self":[{"href":"https:\/\/harvest.edu\/wpspanish\/wp-json\/wp\/v2\/pages\/109"}],"collection":[{"href":"https:\/\/harvest.edu\/wpspanish\/wp-json\/wp\/v2\/pages"}],"about":[{"href":"https:\/\/harvest.edu\/wpspanish\/wp-json\/wp\/v2\/types\/page"}],"author":[{"embeddable":true,"href":"https:\/\/harvest.edu\/wpspanish\/wp-json\/wp\/v2\/users\/1"}],"replies":[{"embeddable":true,"href":"https:\/\/harvest.edu\/wpspanish\/wp-json\/wp\/v2\/comments?post=109"}],"version-history":[{"count":12,"href":"https:\/\/harvest.edu\/wpspanish\/wp-json\/wp\/v2\/pages\/109\/revisions"}],"predecessor-version":[{"id":807,"href":"https:\/\/harvest.edu\/wpspanish\/wp-json\/wp\/v2\/pages\/109\/revisions\/807"}],"wp:attachment":[{"href":"https:\/\/harvest.edu\/wpspanish\/wp-json\/wp\/v2\/media?parent=109"}],"curies":[{"name":"wp","href":"https:\/\/api.w.org\/{rel}","templated":true}]}}