{"id":111,"date":"2015-11-30T06:49:03","date_gmt":"2015-11-30T06:49:03","guid":{"rendered":"http:\/\/harvest.edu\/wpspanish\/?page_id=111"},"modified":"2020-09-20T16:49:07","modified_gmt":"2020-09-20T16:49:07","slug":"admision","status":"publish","type":"page","link":"https:\/\/harvest.edu\/wpspanish\/admision\/","title":{"rendered":"ADMISI\u00d3N"},"content":{"rendered":"<h2 style=\"text-align: justify;\"><strong><span style=\"color: #263997;\">Requisitos para la Admisi\u00f3n<\/span><\/strong><\/h2>\n<p style=\"text-align: justify;\"><span style=\"margin-left: 24px;\">Cada<\/span> solicitante debe ser un Cristiano nacido de nuevo que est\u00e1 buscando vivir una vida Cristo-c\u00e9ntrica, separado del pecado y del mundo. El o ella debe de mantener un car\u00e1cter cristiano aprobado, adem\u00e1s de tener un deseo de realizar todo el trabajo requerido y una actitud de someterse alegremente a la disciplina y regulaciones de la Universidad.<br \/>\n<span style=\"margin-left: 24px;\">El<\/span> diploma de la escuela secundaria es recomendable, no obligatorio, siempre y cuando el estudiante pueda hacer trabajo de nivel universitario. Las maestr\u00edas y programas de doctorado tienen un criterio especial para su admisi\u00f3n. Ver esas secciones en este cat\u00e1logo para m\u00e1s informaci\u00f3n.<\/p>\n<h2 style=\"text-align: justify;\"><strong><span style=\"color: #263997;\">C\u00f3mo Solicitar Admisi\u00f3n<\/span><\/strong><\/h2>\n<p style=\"text-align: justify;\"><span style=\"margin-left: 24px;\">Para<\/span> solicitar admisi\u00f3n simplemente llena una solicitud y entr\u00e9gala en la oficina de la Universidad. Si has asistido a otros colegios o universidades, pide que cada uno le env\u00ede una copia de las calificaciones al encargado del registro aqu\u00ed en Harvest.\u00a0<span style=\"color: #263997;\"><a href=\"httpss:\/\/harvest.edu\/wpspanish\/aplicacion-para-admision\/\">ir a la Aplicaci\u00f3n para Admisi\u00f3n<\/a><\/span><\/p>\n<h2 style=\"text-align: justify;\"><strong><span style=\"color: #263997;\">Aceptaci\u00f3n<\/span><\/strong><\/h2>\n<p style=\"text-align: justify;\"><span style=\"margin-left: 24px;\">Una<\/span> vez que hayas completado tu solicitud y sea recibida en la oficina de la Universidad, ser\u00e1s notificado en una semana si has sido aceptado en el programa.<\/p>\n<h2 style=\"text-align: justify;\"><strong><span style=\"color: #263997;\">Inscripci\u00f3n<\/span><\/strong><\/h2>\n<p style=\"text-align: justify;\"><span style=\"margin-left: 24px;\">Para<\/span> inscribirte en los cursos que has escogido, pide una hoja de inscripci\u00f3n para las clases en la oficina de la Universidad. Ellos te asistir\u00e1n en elegir tus clases y completar tu forma. Entrega tu inscripci\u00f3n completa a la Oficina, junto con tu pago, para asegurar un lugar en la clase o clases que hayas escogido.<\/p>\n<h2>Aplicaci\u00f3n para admisi\u00f3n\u2026\u00a0<a href=\"httpss:\/\/harvest.edu\/wpspanish\/aplicacion-para-admision\/\">Aplique aqui<\/a><\/h2>\n","protected":false},"excerpt":{"rendered":"<p>Requisitos para la Admisi\u00f3n Cada solicitante debe ser un Cristiano nacido de nuevo que est\u00e1 buscando vivir una vida Cristo-c\u00e9ntrica, separado del pecado y del mundo. El o ella debe de mantener un car\u00e1cter cristiano aprobado, adem\u00e1s de tener un deseo de realizar todo el trabajo requerido y una actitud de someterse alegremente a la&#8230; <\/p>\n","protected":false},"author":1,"featured_media":0,"parent":0,"menu_order":0,"comment_status":"closed","ping_status":"closed","template":"page-full.php","meta":[],"_links":{"self":[{"href":"https:\/\/harvest.edu\/wpspanish\/wp-json\/wp\/v2\/pages\/111"}],"collection":[{"href":"https:\/\/harvest.edu\/wpspanish\/wp-json\/wp\/v2\/pages"}],"about":[{"href":"https:\/\/harvest.edu\/wpspanish\/wp-json\/wp\/v2\/types\/page"}],"author":[{"embeddable":true,"href":"https:\/\/harvest.edu\/wpspanish\/wp-json\/wp\/v2\/users\/1"}],"replies":[{"embeddable":true,"href":"https:\/\/harvest.edu\/wpspanish\/wp-json\/wp\/v2\/comments?post=111"}],"version-history":[{"count":9,"href":"https:\/\/harvest.edu\/wpspanish\/wp-json\/wp\/v2\/pages\/111\/revisions"}],"predecessor-version":[{"id":1185,"href":"https:\/\/harvest.edu\/wpspanish\/wp-json\/wp\/v2\/pages\/111\/revisions\/1185"}],"wp:attachment":[{"href":"https:\/\/harvest.edu\/wpspanish\/wp-json\/wp\/v2\/media?parent=111"}],"curies":[{"name":"wp","href":"https:\/\/api.w.org\/{rel}","templated":true}]}}