{"id":113,"date":"2015-11-30T06:49:41","date_gmt":"2015-11-30T06:49:41","guid":{"rendered":"http:\/\/harvest.edu\/wpspanish\/?page_id=113"},"modified":"2017-11-19T19:55:06","modified_gmt":"2017-11-19T19:55:06","slug":"financiero","status":"publish","type":"page","link":"https:\/\/harvest.edu\/wpspanish\/financiero\/","title":{"rendered":"FINANCIERO"},"content":{"rendered":"<p><img loading=\"lazy\" class=\"alignrightnobdr alignright wp-image-382 size-full\" src=\"https:\/\/harvest.edu\/wpspanish\/wp-content\/uploads\/2015\/11\/hector300x450globesp.png\" alt=\"hector300x450globesp\" width=\"300\" height=\"410\" srcset=\"https:\/\/harvest.edu\/wpspanish\/wp-content\/uploads\/2015\/11\/hector300x450globesp.png 300w, https:\/\/harvest.edu\/wpspanish\/wp-content\/uploads\/2015\/11\/hector300x450globesp-220x300.png 220w\" sizes=\"(max-width: 300px) 100vw, 300px\" \/><\/p>\n<p style=\"text-align: justify;\"><span style=\"margin-left: 24px;\">All<\/span> Todos los maestros y l\u00edderes de la Universidad B\u00edblica Harvest trabajan juntos para mantener el costo lo m\u00e1s bajo posible que en otros colegios y universidades b\u00edblicos, mientras proveen a los alumnos de una educaci\u00f3n de calidad. Muchos individuos, familias, e iglesias han dado sacrificialmente para que la matr\u00edcula y los costos sean muy bajos en Harvest, comparado con la mayor\u00eda de los colegios y universidades b\u00edblicos (algunos de los cuales tienen que cobrar m\u00e1s de $500 por unidad). Nosotros verdaderamente alabamos a Dios por esto. A continuaci\u00f3n veremos los costos actuales.<\/p>\n<h2 style=\"text-align: justify;\"><span style=\"color: #263997;\">Lo que Cuesta Asistir a la Universidad<br \/>\n<\/span><\/h2>\n<p style=\"text-align: justify;\">\u2022 Costo de entrada (solamente una vez):\u00a0$ 10.00<br \/>\n\u2022\u00a0Matr\u00edcula por unidad:\u00a0$ 37.50<br \/>\n\u2022\u00a0Matr\u00edcula por clase (cada clase es 2 unidades):\u00a0$ 75.00<br \/>\n\u2022\u00a0Materiales extras, si hay, por trimestre:\u00a0$ 10.00<br \/>\n\u2022\u00a0Costo de graduaci\u00f3n (solo si se va a graduar):\u00a0$ 100.00<\/p>\n<h2 style=\"text-align: justify;\"><span style=\"color: #263997;\">Costo Total<\/span><\/h2>\n<p style=\"text-align: justify;\">\u2022\u00a0Por trimestre, 1\u20138 clases:\u00a0$ 75.00 &#8211; 610.00<br \/>\n\u2022\u00a0Por a\u00f1o, 3\u201324 clases:\u00a0$ 225.00 &#8211; 1,830.00<\/p>\n<h2 style=\"text-align: justify;\"><span style=\"color: #263997;\">M\u00e9todo de Pago<br \/>\n<\/span><\/h2>\n<p style=\"text-align: justify;\"><span style=\"margin-left: 24px;\">Los<\/span> estudiantes s\u00f3lo pagan por clases en las cuales se inscriben. Ning\u00fan pago por adelantado es requerido para cualquier programa, t\u00edtulo, certificado o diploma en Harvest.<br \/>\n<span style=\"margin-left: 24px;\">Se<\/span> debe pagar por las clases cuando el estudiante se registra para el trimestre. Por ejemplo, si un estudiante se inscribe en siete (7) clases al principio del trimestre de oto\u00f1o, deber\u00e1 pagar 7 x $75 = $525 junto con la forma de registro. Si un estu\u00addiante no puede realmente pagar por completo en el tiempo de inscripci\u00f3n, \u00e9l o ella puede solicitar permiso para hacerlo en pagos mensuales. En ese caso, \u00e9l o ella deber\u00e1 pagar la tercera parte del costo total por el trimestre cuando se registre, la tercera parte en el mismo d\u00eda al mes siguiente, y la \u00faltima parte en el mismo d\u00eda del segundo mes siguiente. Si otros costos son acumulados, deber\u00e1n ser pagados con el \u00faltimo pago.<\/p>\n<h2 style=\"text-align: justify;\"><span style=\"color: #263997;\">Reembolsos<\/span><\/h2>\n<p style=\"text-align: justify;\"><span style=\"margin-left: 24px;\">Al<\/span> recibirse la cancelaci\u00f3n de la inscripci\u00f3n en la universidad, ya sea llevada personalmente o por correo, se le devolver\u00e1 al estudiante el costo de sus cursos en ese trimestre, basado en la siguiente lista:<\/p>\n<p style=\"text-align: justify;\">\u2022\u00a0En la 1a o 2a semana de clases:\u00a0100%<br \/>\n\u2022\u00a0Durante la 3a. o 4a. semanas de clases:\u00a075%<br \/>\n\u2022\u00a0Durante la 5a. o 6a. semanas de clases:\u00a050%<br \/>\n\u2022\u00a0Durante la 7a. o 8a. semanas de clases:\u00a025%<br \/>\n\u2022\u00a0Despu\u00e9s de la 8a. semana de clases:\u00a00%<\/p>\n<p style=\"text-align: justify;\"><span style=\"margin-left: 24px;\">Si<\/span> un curso es cancelado por la universidad, el costo total de la matr\u00edcula ser\u00e1 devuelto. Reembolsos ser\u00e1n hechos en los 15 d\u00edas despu\u00e9s de la cancelaci\u00f3n del curso.<br \/>\n<span style=\"margin-left: 24px;\">La<\/span> universidad no puede comprar de vuelta materiales que el instructor haya requerido a los estudiantes.<\/p>\n<h2 style=\"text-align: justify;\"><span style=\"color: #263997;\">Cuotas sin Pagar<\/span><\/h2>\n<p style=\"text-align: justify;\"><span style=\"margin-left: 24px;\">No<\/span> se le dar\u00e1 tarjeta de calificaciones o t\u00edtulos o r\u00e9cords de grados a un estudiante que est\u00e9 tarde en sus pagos. Si el estudiante tiene dificultad financiera deber\u00e1 asegurarse de comunicarlo al director de registros o al Decano tan pronto como esto suceda, no despu\u00e9s de pasado el tiempo.<br \/>\n<span style=\"margin-left: 24px;\"><i>Bueno<\/i><\/span> es Jehov\u00e1 para con todos, y Sus misericordias sobre todas sus obras. . . . Los ojos de todos esperan en Ti, y T\u00fa les das su comida a su tiempo. Abres tu mano, y colmas de bendici\u00f3n a todo ser viviente. . . . Cercano est\u00e1 Jehov\u00e1 a todos los que le invocan, a todos los que le invocan de veras. Cumplir\u00e1 el deseo de los que le temen; oir\u00e1 asimismo el clamor de ellos, y los salvar\u00e1. . . . La alabanza de Jehov\u00e1 proclamar\u00e1 mi boca; y todos bendigan Su santo nombre eternamente y para siempre. (tomado del Salmo 145)<\/p>\n<h2 style=\"text-align: justify;\"><span style=\"color: #263997;\">Ayuda Financiera<\/span><\/h2>\n<p style=\"text-align: justify;\"><span style=\"margin-left: 24px;\">Harvest<\/span> no tiene programa de becas, del gobierno o privadas o de cualquier otra forma, para pagar por porciones o la totalidad de matr\u00edculas u otros costos. Al contrario, cada estudiante recibe, en efecto, una beca por el bajo costo de la matr\u00edcula. Sin embargo, muchas iglesias dan ayuda u otra asistencia a estudiantes de su propia congregaci\u00f3n que est\u00e1n asistiendo a Harvest. Averigua esto con tu iglesia.<\/p>\n<h2 style=\"text-align: justify;\"><span style=\"color: #263997;\">Alojamiento<\/span><\/h2>\n<p style=\"text-align: justify;\"><span style=\"margin-left: 24px;\">La<\/span> mayor\u00eda de localidades de Harvest no pueden alojar sus estudiantes. Los estudiantes son responsables en encontrar sus propios arreglos para alojamiento. En unos campuses, posiblemente la escuela puede asistir a los estudiantes encontrar alojamiento.<\/p>\n","protected":false},"excerpt":{"rendered":"<p>All Todos los maestros y l\u00edderes de la Universidad B\u00edblica Harvest trabajan juntos para mantener el costo lo m\u00e1s bajo posible que en otros colegios y universidades b\u00edblicos, mientras proveen a los alumnos de una educaci\u00f3n de calidad. Muchos individuos, familias, e iglesias han dado sacrificialmente para que la matr\u00edcula y los costos sean muy&#8230; <\/p>\n","protected":false},"author":1,"featured_media":0,"parent":0,"menu_order":0,"comment_status":"closed","ping_status":"closed","template":"page-full.php","meta":[],"_links":{"self":[{"href":"https:\/\/harvest.edu\/wpspanish\/wp-json\/wp\/v2\/pages\/113"}],"collection":[{"href":"https:\/\/harvest.edu\/wpspanish\/wp-json\/wp\/v2\/pages"}],"about":[{"href":"https:\/\/harvest.edu\/wpspanish\/wp-json\/wp\/v2\/types\/page"}],"author":[{"embeddable":true,"href":"https:\/\/harvest.edu\/wpspanish\/wp-json\/wp\/v2\/users\/1"}],"replies":[{"embeddable":true,"href":"https:\/\/harvest.edu\/wpspanish\/wp-json\/wp\/v2\/comments?post=113"}],"version-history":[{"count":10,"href":"https:\/\/harvest.edu\/wpspanish\/wp-json\/wp\/v2\/pages\/113\/revisions"}],"predecessor-version":[{"id":808,"href":"https:\/\/harvest.edu\/wpspanish\/wp-json\/wp\/v2\/pages\/113\/revisions\/808"}],"wp:attachment":[{"href":"https:\/\/harvest.edu\/wpspanish\/wp-json\/wp\/v2\/media?parent=113"}],"curies":[{"name":"wp","href":"https:\/\/api.w.org\/{rel}","templated":true}]}}