{"id":341,"date":"2016-01-17T03:38:21","date_gmt":"2016-01-17T03:38:21","guid":{"rendered":"http:\/\/harvest.edu\/wpspanish\/?page_id=341"},"modified":"2017-11-19T19:50:50","modified_gmt":"2017-11-19T19:50:50","slug":"departamento-de-idiomas","status":"publish","type":"page","link":"https:\/\/harvest.edu\/wpspanish\/departamento-de-idiomas\/","title":{"rendered":"DEPARTAMENTO DE IDIOMAS"},"content":{"rendered":"<h2><a name=\"top\"><\/a><span style=\"color: #263997;\"><strong>LG-136<\/strong><\/span>\u00a0 Ingl\u00e9s o Espa\u00f1ol B\u00edblico<\/h2>\n<p style=\"text-align: justify;\"><span style=\"margin-left: 24px;\">Dios<\/span> es un Dios de idiomas. <em>Por la Palabra de Jehov\u00e1 fueron hechos los cielos (Salmos 33:6\u20139)<\/em>. Fue <em>constituido el universo por la palabra de Dios, de modo que lo que se ve fue hecho de lo que no se ve\u00eda (Heb. 11:3)<\/em>. La Biblia es Su Palabra (1 Tes. 2:13). <em>El Verbo era Dios (Juan 1:1)<\/em>, . . .<em>Quien sustenta todas las cosas por la palabra de su poder (Heb 1:3)<\/em>. La Biblia es un libro, escrito en lenguaje humano. A fin de entenderla una persona debe comprender los significados de las palabras (vocabulario), el sintaxis (gram\u00e1tica), historia, contexto, etc.<br \/>\n<span style=\"margin-left: 24px;\">T\u00fa<\/span> T\u00fa ser\u00e1s capacitado en ministrar m\u00e1s efectivamente e influir\u00e1s en la vida de una variedad m\u00e1s grande de personas cuando comprendas apropiadamente la Biblia y cuando enriquezcas tu uso de lenguaje. <em>Las palabras que yo os he hablado son esp\u00edritu y son vida (Juan 6:63). Santif\u00edcalos en tu verdad; tu palabra es verdad (Juan 17:17)<\/em>. (2 unidades por trimestre)<\/p>\n<div class=\"aligncenter\" style=\"width: full; height: 2px; background-color: #263997; font-size: 0;\"><\/div>\n<h2 style=\"text-align: justify;\"><strong><span style=\"color: #263997;\"><br \/>\nLG-198<\/span>\u00a0 C\u00f3mo Escribir Res\u00famenes, Reportes y Art\u00edculos<\/strong><\/h2>\n<p style=\"text-align: justify;\"><span style=\"margin-left: 24px;\">El<\/span> problema m\u00e1s cr\u00edtico que enfrenta la iglesia hoy es la falta de un liderazgo fuerte. Toda persona que acepta a Cristo est\u00e1 llamado a influir a los dem\u00e1s. El liderazgo no es para unos pocos elegidos. Es para todos. Ya no limite su potencial.<br \/>\n<span style=\"margin-left: 24px;\">Esta<\/span> clase le mostrar\u00e1 c\u00f3mo mejorar sus habilidades de liderazgo a trav\u00e9s de escritura y oratoria acerca de l\u00edderes b\u00edblicos como David, Josu\u00e9 y Jos\u00e9.<\/p>\n<div class=\"aligncenter\" style=\"width: full; height: 2px; background-color: #263997; font-size: 0;\"><\/div>\n<h2 style=\"text-align: justify;\"><strong><span style=\"color: #263997;\"><br \/>\nLG-555<\/span>\u00a0 Griego<\/strong><\/h2>\n<p style=\"text-align: justify;\"><span style=\"margin-left: 24px;\">Nuestro<\/span> Nuevo Testamento se traduce de manuscritos griegos. Aprender griego ofrece al estudiante la oportunidad de obtener una visi\u00f3n rica y una apreciaci\u00f3n de ciertos aspectos del texto que no se traducen f\u00e1cilmente al espa\u00f1ol. (2 unidades por trimestre)<\/p>\n<div class=\"aligncenter\" style=\"width: full; height: 2px; background-color: #263997; font-size: 0;\"><\/div>\n<h2 style=\"text-align: justify;\"><strong><span style=\"color: #263997;\"><br \/>\nLG-560<\/span>\u00a0 Hebreo<\/strong><\/h2>\n<p style=\"text-align: justify;\"><span style=\"margin-left: 24px;\">El<\/span> Antiguo Testamento fue escrito principalmente en hebreo. El aprendizaje de este idioma es dif\u00edcil, sin embargo, vale la pena el esfuerzo por los beneficios que uno adquiere, porque el hebreo entiende y presenta la verdad de una manera diferente que el ingl\u00e9s o el griego. (2 unidades por trimestre)<\/p>\n","protected":false},"excerpt":{"rendered":"<p>LG-136\u00a0 Ingl\u00e9s o Espa\u00f1ol B\u00edblico Dios es un Dios de idiomas. Por la Palabra de Jehov\u00e1 fueron hechos los cielos (Salmos 33:6\u20139). Fue constituido el universo por la palabra de Dios, de modo que lo que se ve fue hecho de lo que no se ve\u00eda (Heb. 11:3). La Biblia es Su Palabra (1 Tes&#8230;. <\/p>\n","protected":false},"author":1,"featured_media":0,"parent":0,"menu_order":0,"comment_status":"closed","ping_status":"closed","template":"page-full.php","meta":[],"_links":{"self":[{"href":"https:\/\/harvest.edu\/wpspanish\/wp-json\/wp\/v2\/pages\/341"}],"collection":[{"href":"https:\/\/harvest.edu\/wpspanish\/wp-json\/wp\/v2\/pages"}],"about":[{"href":"https:\/\/harvest.edu\/wpspanish\/wp-json\/wp\/v2\/types\/page"}],"author":[{"embeddable":true,"href":"https:\/\/harvest.edu\/wpspanish\/wp-json\/wp\/v2\/users\/1"}],"replies":[{"embeddable":true,"href":"https:\/\/harvest.edu\/wpspanish\/wp-json\/wp\/v2\/comments?post=341"}],"version-history":[{"count":5,"href":"https:\/\/harvest.edu\/wpspanish\/wp-json\/wp\/v2\/pages\/341\/revisions"}],"predecessor-version":[{"id":802,"href":"https:\/\/harvest.edu\/wpspanish\/wp-json\/wp\/v2\/pages\/341\/revisions\/802"}],"wp:attachment":[{"href":"https:\/\/harvest.edu\/wpspanish\/wp-json\/wp\/v2\/media?parent=341"}],"curies":[{"name":"wp","href":"https:\/\/api.w.org\/{rel}","templated":true}]}}