{"id":347,"date":"2016-01-17T04:50:27","date_gmt":"2016-01-17T04:50:27","guid":{"rendered":"http:\/\/harvest.edu\/wpspanish\/?page_id=347"},"modified":"2017-11-19T19:59:40","modified_gmt":"2017-11-19T19:59:40","slug":"poliza-de-privacidad","status":"publish","type":"page","link":"https:\/\/harvest.edu\/wpspanish\/poliza-de-privacidad\/","title":{"rendered":"P\u00f3liza de Privacidad"},"content":{"rendered":"<p style=\"text-align: justify;\">La Universidad B\u00edblica Harvest (Harvest) esta comprometida al uso responsable de informaci\u00f3n personal colectada de y acerca de usted mientras usted usa el sitio www.Harvest.edu o cualquier sitio o servicio de la red bajo el nombre de dominio Harvest.edu. Consistente con el Acto de la Protecci\u00f3n de Privacidad de la Red de California (California Online Privacy Protection Act) del 2003, esta declaraci\u00f3n de privacidad provee informaci\u00f3n acerca como esta informaci\u00f3n personal puede ser usada. Paginas de web individuales bajo el nombre de dominio Harvest.edu pueden publicar declaraciones de privacidad adicionales tratando mas informaci\u00f3n especifica colectada en esas paginas.<\/p>\n<p style=\"text-align: justify;\"><b>Informaci\u00f3n Que Colectamos<\/b><\/p>\n<p style=\"text-align: justify;\"><i>Informaci\u00f3n no personalmente identificable\u00a0<\/i><\/p>\n<p style=\"text-align: justify;\">Cuando usuarios acezan el sitio de web, Harvest colecta informaci\u00f3n no-personalmente identificable come direcci\u00f3n de proveedor de internet, tipo de navegador de web, y uso del sitio. Esta informaci\u00f3n no esta conectada a cualquier informaci\u00f3n personal y permanece an\u00f3nima. Para colectar esta informaci\u00f3n, la universidad usa \u201ccookies\u201d de sesi\u00f3n &#8211; es decir, archivos peque\u00f1os de texto que son colocados en el disco duro de su computadora. Las \u201ccookies\u201d de sesi\u00f3n usadas por la universidad no nos da acceso a su computadora y no nos proveen con informaci\u00f3n personalmente identificable. \u201cCookies\u201d de sesi\u00f3n son borradas cuando cierra su navegador de web. Usted puede modificar los ajustes de su navegador de web, pero esto posiblemente puede prevenirle de tomar ventaja completa de nuestro sitio de web.<\/p>\n<p style=\"text-align: justify;\"><i>Informaci\u00f3n Personalmente Identificable<\/i><\/p>\n<p style=\"text-align: justify;\">Ciertas \u00e1reas de nuestro sitio de web colectan informaci\u00f3n voluntaria que es personalmente identificable, como nombres, zona postal, y correo electr\u00f3nico. Esto es hecho t\u00edpicamente por medio de formas de petici\u00f3n y registracion prove\u00eddas para aprender de su inter\u00e9s en Harvest y proveerle con informaci\u00f3n y servicios. Informaci\u00f3n personalmente identificable puede ser colectada como parte de una compra en l\u00ednea, pago, o donaci\u00f3n. En este caso, Harvest usa uno de los siguientes servicios de tercer partido, conformes al PCI, para procesar su transacci\u00f3n. Antes de usar estos servicios, le animamos que lea las p\u00f3lizas de privacidad enumeradas debajo.<\/p>\n<p style=\"text-align: justify;\">Authorize.net (online payments and purchases) \u2013 privacy policy<\/p>\n<p style=\"text-align: justify;\"><b>Uso de Informaci\u00f3n que colectamos<\/b><\/p>\n<p style=\"text-align: justify;\"><i>Uso de informaci\u00f3n no personalmente identificable<\/i><\/p>\n<p style=\"text-align: justify;\">Usamos informaci\u00f3n no personalmente identificable mientras usted esta navegando el sitio para mejorar su experiencia individua and proveerle con respuestas mas individualizadas. Tambi\u00e9n acumulamos informaci\u00f3n no personalmente identificable de varios usuarios en reportes estad\u00edsticos para mejor administrar nuestro sitio de web, diagnosticar problemas de servidor que pueden ocurrir ocasionalmente, y mejorar nuestro sitio de web.<\/p>\n<p style=\"text-align: justify;\"><i>Uso de informaci\u00f3n personalmente identificable<\/i><\/p>\n<p style=\"text-align: justify;\">Por medio de proveernos informaci\u00f3n personalmente identificable, usted implica consentimiento a la acumulaci\u00f3n y uso de la informaci\u00f3n para los prop\u00f3sitos por cual fue prove\u00edda. Su informaci\u00f3n es usada para proveer materiales relevantes, productos y servicios que usted solicita, y para facilitar relaciones con la Universidad, como el proceso de admisiones y programas para recaudar fondos. Usted puede optar por no recibir informaci\u00f3n de la Universidad B\u00edblica Harvest contactando el departamento de cual la informaci\u00f3n provino. Solo esos empleados de la Universidad B\u00edblica Harvest que necesitan informaci\u00f3n personalmente identificable para realizar un oficio especifico son dados acceso a la informaci\u00f3n. A no sea requerida por ley, informaci\u00f3n personalmente identificable solo es compartida con partidos terceros como sea necesario para proveer los materiales, productos, y servicios que usted solicita. Cuando partidos terceros son dados acceso a informaci\u00f3n personalmente identificable, ellos son, por contrato, no permitidos a usar o revelar de nuevo ninguna de la informaci\u00f3n para prop\u00f3sitos no autorizados. Informaci\u00f3n personalmente identificable nunca es vendida a partidos terceros.<\/p>\n<p style=\"text-align: justify;\"><b>Seguridad<\/b><\/p>\n<p style=\"text-align: justify;\">Para poder proteger contra la perdidas, mal uso, o alteraci\u00f3n de la informaci\u00f3n colectada en nuestro sitio, toda informaci\u00f3n es archivada dentro de un ambiente de base de datos controlado accesible solo a personal de la Universidad autorizado. Sin embargo, tan eficaz como sean los medios de seguridad implementados por la Universidad, ning\u00fan sistema de seguridad es impenetrable. La Universidad B\u00edblica Harvest no puede garantizar que la informaci\u00f3n que usted provee no ser\u00e1 interceptada mientras es transmitida sobre el Internet.<\/p>\n<p style=\"text-align: justify;\"><b>Auto-Revelaci\u00f3n Publica<\/b><\/p>\n<p style=\"text-align: justify;\">La Universidad B\u00edblica Harvest no controla las acciones de los visitantes a su sitio de web ni el uso que los visitantes al sitio hacen de informaci\u00f3n p\u00fablicamente divulgada. Por favor este consciente que revelando informaci\u00f3n personalmente identificable en los tablones de anuncios, libro de visitas, salas de chat o cualquier otro foro publico similar del sitio de web puede dejar que visitantes acumulen informaci\u00f3n y mandar correos electr\u00f3nicos no-solicitados. Le animamos que reporte cualquier correo electr\u00f3nico no solicitado o deseado o el mal uso de informaci\u00f3n a info@harvest.edu.<\/p>\n<p style=\"text-align: justify;\"><b>Enlaces a Otros Sitios de Web<\/b><\/p>\n<p style=\"text-align: justify;\">Nuestro sitio de web puede incluir enlaces a otros sitios de web fuera del dominio harvest.edu, incluyendo sitios de marca compartida o otros sitios afiliados que pueden o no pueden ser pose\u00eddos o operados por la Universidad B\u00edblica Harvest. Tales sitios no son gobernados por esta declaraci\u00f3n de privacidad. Usuarios han de familiarizarse con las practicas de privacidad de esos otros sitios.<\/p>\n<p style=\"text-align: justify;\"><b>Informaci\u00f3n de Contacto<\/b><\/p>\n<p style=\"text-align: justify;\">Preguntas acerca de esta p\u00f3liza de privacidad han de ser dirigidas a la Universidad a info@harvest.edu<\/p>\n","protected":false},"excerpt":{"rendered":"<p>La Universidad B\u00edblica Harvest (Harvest) esta comprometida al uso responsable de informaci\u00f3n personal colectada de y acerca de usted mientras usted usa el sitio www.Harvest.edu o cualquier sitio o servicio de la red bajo el nombre de dominio Harvest.edu. Consistente con el Acto de la Protecci\u00f3n de Privacidad de la Red de California (California Online&#8230; <\/p>\n","protected":false},"author":1,"featured_media":0,"parent":0,"menu_order":0,"comment_status":"closed","ping_status":"closed","template":"page-full.php","meta":[],"_links":{"self":[{"href":"https:\/\/harvest.edu\/wpspanish\/wp-json\/wp\/v2\/pages\/347"}],"collection":[{"href":"https:\/\/harvest.edu\/wpspanish\/wp-json\/wp\/v2\/pages"}],"about":[{"href":"https:\/\/harvest.edu\/wpspanish\/wp-json\/wp\/v2\/types\/page"}],"author":[{"embeddable":true,"href":"https:\/\/harvest.edu\/wpspanish\/wp-json\/wp\/v2\/users\/1"}],"replies":[{"embeddable":true,"href":"https:\/\/harvest.edu\/wpspanish\/wp-json\/wp\/v2\/comments?post=347"}],"version-history":[{"count":3,"href":"https:\/\/harvest.edu\/wpspanish\/wp-json\/wp\/v2\/pages\/347\/revisions"}],"predecessor-version":[{"id":810,"href":"https:\/\/harvest.edu\/wpspanish\/wp-json\/wp\/v2\/pages\/347\/revisions\/810"}],"wp:attachment":[{"href":"https:\/\/harvest.edu\/wpspanish\/wp-json\/wp\/v2\/media?parent=347"}],"curies":[{"name":"wp","href":"https:\/\/api.w.org\/{rel}","templated":true}]}}