{"id":350,"date":"2016-01-17T05:00:22","date_gmt":"2016-01-17T05:00:22","guid":{"rendered":"http:\/\/harvest.edu\/wpspanish\/?page_id=350"},"modified":"2017-11-19T20:00:16","modified_gmt":"2017-11-19T20:00:16","slug":"terms-and-conditions","status":"publish","type":"page","link":"https:\/\/harvest.edu\/wpspanish\/terms-and-conditions\/","title":{"rendered":"Terminos y Condiciones"},"content":{"rendered":"<p>POR FAVOR LEA CON CUIDADO LOS SIGUIENTES TERMINOS Y CONDICIONES DE USO ANTES DE USAR ESTE SITIO. Todos los usuarios de este sitio est\u00e1n de acuerdo que el acceso a y el uso de este sitio son sujetos a los siguientes t\u00e9rminos y condiciones y otras leyes aplicables. Si usted no esta de acuerdo con estos t\u00e9rminos y condiciones, por favor no use este sitio.<\/p>\n<p>Derechos de Autor<br \/>\nEl contenido entero incluido en este sitio, incluyendo pero no limitado a texto, gr\u00e1ficas o c\u00f3digo esta bajo derecho de autor como una obra colectiva bajo las leyes de derechos de autor de los Estados Unidos y otras leyes de derechos de autor, y es propiedad de Harvest Bible University. La obra colectiva incluye obras que son licenciadas a Harvest Bible University. Derecho de Autor 2005, Harvest Bible University TODOS LOS DERECHOS RESERVADOS. Permiso es concedida para copiar electr\u00f3nicamente y imprimir porciones de copia dura de este sitio para el solo prop\u00f3sito de aplicando a y matricularse en Harvest Bible University. Cualquier otro uso, incluyendo pero no limitado a la reproducci\u00f3n, distribuci\u00f3n, presentaci\u00f3n o transmisi\u00f3n del contenido de este sitio es estrictamente prohibida, a menos que sea autorizada por Harvest Bible University. Usted tambi\u00e9n ESTARA de acuerdo no cambiar o borrar cualquier aviso propietario de los materiales bajados de este sitio.<\/p>\n<p>Marcas Comerciales<br \/>\nTodas marcas comerciales, marcas de servicio y nombres comerciales de Harvest Bible University usados en el sitio son marcas comerciales o marcas comerciales registradas de Harvest Bible University.<\/p>\n<p>Termino; Terminaci\u00f3n<br \/>\nEstos t\u00e9rminos y condiciones son aplicable a usted a su accesar el sitio y\/o completando el proceso de aplicaci\u00f3n y matriculaci\u00f3n. Estos t\u00e9rminos y condiciones, o cualquier parte de ellos, pueden ser terminados por Harvest Bible University sin anuncio en cualquier tiempo, por cualquier raz\u00f3n. Las provisiones relacionadas a Derechos de Autor, Marcas Comerciales, Descargo de Responsabilidad, Limitaci\u00f3n de Responsabilidad, Indemnizaci\u00f3n y Varios, perduraran cualquier terminaci\u00f3n.<\/p>\n<p>Aviso<br \/>\nHarvest Bible University puede enviarle aviso a usted por medio de correo electr\u00f3nico, un aviso general en el sitio, o por medio de cualquier otro m\u00e9todo fidedigno al correo que usted a prove\u00eddo a Harvest Bible University.<\/p>\n<p>Uso del Sitio<br \/>\nAcoso de cualquier tipo o forma en este sitio, incluyendo por medio de correo electr\u00f3nico, chatear, o por el uso de lenguaje obsceno o abusivo, es estrictamente prohibido. Suplantaci\u00f3n de la identidad de otra persona, incluyendo a un empleado de Harvest Bible University o otro empleado licenciado, anfitri\u00f3n, o representante, y tambi\u00e9n otros miembros o visitantes en el sitio es prohibido. No puedes subir, distribuir, o de otro modo publicar por medio del sitio cualquier contenido que es difamatorio, injurioso, obsceno, amenazador, violatorio de privacidad o derechos de publicidad, abusivo, ilegal, o de otro modo inaceptable que pudiera constituir o fomentar una ofensa criminal, violar los derechos de cualquier partido o que pudiera de otro modo causar responsabilidad\/obligaci\u00f3n o violar cualquier ley. Usted no puede subir contenido comercial en este sitio o usar este sitio para solicitar a otros que tomen parte o hacerse miembros de cualquier otro servicio comercial en el internet u otra organizaci\u00f3n.<\/p>\n<p>Reservamos el derecho de rehusar servicio.<\/p>\n<p>Descargo de Responsabilidad de Participaci\u00f3n<\/p>\n<p>Harvest Bible University no repasa y no puede repasar todas las comunicaciones y materiales publicados a o creados por usuarios acezando el sitio, y Harvest Bible University no es en ninguna manera responsable por el contenido de estas comunicaciones y materiales. Usted reconoce que al proveerle con la habilidad de ver y distribuir contenido generado por usuarios en el sitio, Harvest Bible University esta solamente actuando como un conducto pasivo para tal distribuci\u00f3n y no se esta comprometiendo a cualquier obligaci\u00f3n o responsabilidad relacionada a ningunos contenidos o actividades en el sitio. No obstante, Harvest Bible University reserva el derecho a bloquear o remover comunicaciones o materiales que determina ser (a) abusivo, difamatorio, o obsceno, (b) fraudulento, enga\u00f1oso, o deshonesto, (c) en violaci\u00f3n de derechos de reproducci\u00f3n (copyright), marca registrada, o cualquier otro derecho de propiedad intelectual de otro partido, o (d) ofensivo o de cualquier otra manera inaceptable a Harvest Bible University en su discreci\u00f3n exclusiva.<\/p>\n<p>Indemnizaci\u00f3n<\/p>\n<p>Usted esta de acuerdo a indemnizar, defender, y mantener inocente a Harvest Bible University, sus oficiales, directores, empleados, proveedores, agentes, y licenciantes (colectivamente referidos como \u201cProveedores de Servicio\u201d) de y contra toda perdida, gastos, da\u00f1os y costos, incluyendo honorarios razonables de abogados, resultando de cualquier violaci\u00f3n de estos t\u00e9rminos y condiciones o cualquier actividad relacionada a su cuenta (incluyendo conducta negligente o ilegal) por usted o cualquier otra persona que tenia o tiene acceso al sitio usando su cuenta de Internet.<\/p>\n<p>Enlaces de Tercero<\/p>\n<p>En nuestro esfuerzo para proveer un mayor valor a nuestros visitantes, Harvest Bible University puede enlazar a sitios de tercer partidos. Sin embargo, aun si ese partido tercero esta afiliado con Harvest Bible University, Harvest Bible University no tiene control sobre estos sitios enlazados, todos quien tienen practicas separadas de privacidad y colecci\u00f3n de datos, independiente de Harvest Bible University. Estos sitios enlazados son solo para su conveniencia y por lo tanto usted los accede a su propio riesgo. Sin embargo, Harvest Bible University procura proteger la integridad de su sitio de web y los enlaces metidos en el y por lo tanto solicita cualquier reacciones de no solo su propio sitio, pero tambi\u00e9n de los sitios a cual se enlace (incluyendo si un enlace especifico no funciona).<\/p>\n","protected":false},"excerpt":{"rendered":"<p>POR FAVOR LEA CON CUIDADO LOS SIGUIENTES TERMINOS Y CONDICIONES DE USO ANTES DE USAR ESTE SITIO. Todos los usuarios de este sitio est\u00e1n de acuerdo que el acceso a y el uso de este sitio son sujetos a los siguientes t\u00e9rminos y condiciones y otras leyes aplicables. Si usted no esta de acuerdo con&#8230; <\/p>\n","protected":false},"author":1,"featured_media":0,"parent":0,"menu_order":0,"comment_status":"closed","ping_status":"closed","template":"page-full.php","meta":[],"_links":{"self":[{"href":"https:\/\/harvest.edu\/wpspanish\/wp-json\/wp\/v2\/pages\/350"}],"collection":[{"href":"https:\/\/harvest.edu\/wpspanish\/wp-json\/wp\/v2\/pages"}],"about":[{"href":"https:\/\/harvest.edu\/wpspanish\/wp-json\/wp\/v2\/types\/page"}],"author":[{"embeddable":true,"href":"https:\/\/harvest.edu\/wpspanish\/wp-json\/wp\/v2\/users\/1"}],"replies":[{"embeddable":true,"href":"https:\/\/harvest.edu\/wpspanish\/wp-json\/wp\/v2\/comments?post=350"}],"version-history":[{"count":4,"href":"https:\/\/harvest.edu\/wpspanish\/wp-json\/wp\/v2\/pages\/350\/revisions"}],"predecessor-version":[{"id":811,"href":"https:\/\/harvest.edu\/wpspanish\/wp-json\/wp\/v2\/pages\/350\/revisions\/811"}],"wp:attachment":[{"href":"https:\/\/harvest.edu\/wpspanish\/wp-json\/wp\/v2\/media?parent=350"}],"curies":[{"name":"wp","href":"https:\/\/api.w.org\/{rel}","templated":true}]}}