{"id":367,"date":"2016-01-20T01:12:12","date_gmt":"2016-01-20T01:12:12","guid":{"rendered":"http:\/\/harvest.edu\/wpspanish\/?page_id=367"},"modified":"2017-11-19T19:51:19","modified_gmt":"2017-11-19T19:51:19","slug":"departamento-de-caracter","status":"publish","type":"page","link":"https:\/\/harvest.edu\/wpspanish\/departamento-de-caracter\/","title":{"rendered":"DEPARTAMENTO DE CAR\u00c1CTER"},"content":{"rendered":"<h2><a name=\"top\"><\/a><span style=\"color: #263997;\"><strong>CD-121<\/strong><\/span>\u00a0 Desarrollo de Car\u00e1cter<\/h2>\n<p style=\"text-align: justify;\"><span style=\"margin-left: 24px;\">El<\/span> factor c\u00e9ntrico de la Cristiandad es el Se\u00f1or Jesucristo. La Biblia dice que la voluntad perfecta de Dios es que cada uno de nosotros desarrollemos el car\u00e1cter de Su Hijo, Jesucristo (Romanos 8:28\u201329). Cuando Jes\u00fas anduvo en la tierra, El constantemente predicaba del car\u00e1cter divino, y regularmente condenaba a los religiosos hip\u00f3critas, cuyo car\u00e1cter no era como el de Cristo. Un car\u00e1cter divino es la cualidad m\u00e1s importante del Cristiano. Este curso difiere completamente en comparaci\u00f3n a cursos seculares que llevan el mismo nombre.<br \/>\n<span style=\"margin-left: 24px;\">El<\/span> aprender todo acerca del Se\u00f1or y la Biblia es estupendo. Aprender a ministrar con poder es fenomenal. Ahora bien, si no desarrollamos el car\u00e1cter de Cristo en nuestras vidas no estamos viviendo como cristianos, y eventualmente terminaremos acabados por el mundo, la carne o el diablo. Dios tiene pasos definidos en la Biblia para alcanzar la victoria en cada \u00e1rea de nuestras vidas, y en este curso de Desarrollo del Car\u00e1cter t\u00fa los aprender\u00e1s. Este curso es uno de los m\u00e1s emocionantes de la universidad entera, es un transformador de vidas que definitivamente no olvidar\u00e1s. (24 unidades)<\/p>\n<div class=\"aligncenter\" style=\"width: full; height: 2px; background-color: #263997; font-size: 0;\"><\/div>\n<h2 style=\"text-align: justify;\"><strong><span style=\"color: #263997;\"><br \/>\nCD-122<\/span><\/strong>\u00a0 Los Dones Motivacionales<\/h2>\n<p style=\"text-align: justify;\"><span style=\"margin-left: 24px;\">Cuando<\/span> Cristo ascendi\u00f3 al Padre, \u00e9l otorg\u00f3 dones a la gente a trav\u00e9s del Esp\u00edritu Santo. Estos dones son unci\u00f3nes sobrenaturales para hacer m\u00e1s f\u00e1cilmente cosas que de otra manera ser\u00edan dif\u00edciles o imposibles, dependiendo del don. En este curso aprender\u00e1s acerca de los diferentes dones espirituales con un \u00e9nfasis especial en los dones del cap\u00edtulo 12 del libro de Romanos, los cuales son llamados Dones Motivacionales. Tendr\u00e1s la oportunidad de aprender y descubrir cual es su propio don espiritual y motivacional y como experimentar un enorme gozo conforme los usas. Este es un curso excepcional. Te deleitar\u00e1. Un curso que recordar\u00e1s toda tu vida. (2 unidades)<\/p>\n<div class=\"aligncenter\" style=\"width: full; height: 2px; background-color: #263997; font-size: 0;\"><\/div>\n<h2 style=\"text-align: justify;\"><strong><span style=\"color: #263997;\"><br \/>\nCD-135<\/span><\/strong>\u00a0Cristianos viviendo en Victoria Sexual<\/h2>\n<p style=\"text-align: justify;\"><span style=\"margin-left: 24px;\">Dios<\/span> tiene un plan para la sexualidad del ser humano que incluye una relaci\u00f3n profunda y procreaci\u00f3n. Cuando un hombre y una mujer se casan y se consume tal relaci\u00f3n por medio de la uni\u00f3n sexual, los dos se convierten en una sola carne (Mat. 19:5). Dios ha ordenado y bendecido tal intimidad (Gen. 2:24, Mat. 19:12). En este curso traeremos a mayor entendimiento la perspectiva divina de la sexualidad y expondremos la disfrazada naturaleza de la sensualidad. (2 unidades)<\/p>\n<div class=\"aligncenter\" style=\"width: full; height: 2px; background-color: #263997; font-size: 0;\"><\/div>\n<h2 style=\"text-align: justify;\"><strong><span style=\"color: #263997;\"><br \/>\nCD-161<\/span><\/strong>\u00a0 Vocaci\u00f3n, El Llamado de Dios para tu vida<\/h2>\n<p style=\"text-align: justify;\"><span style=\"margin-left: 24px;\">Este<\/span> curso te ayudar\u00e1 a identificar cual es el llamado de Dios para tu vida. No se puede comprar el prop\u00f3sito o la satisfacci\u00f3n verdadera\u2014\u00e9stos son un regalo del Esp\u00edritu Santo. La senda menos utilizada requiere obediencia y valor para viajar. Por ejemplo el rey Salom\u00f3n resumi\u00f3 el vac\u00edo de una vida incumplida cuando escribi\u00f3 vanidad de vanidades, todo es vanidad (Ecl. 1:2). El llamado a una vida con significado es quiz\u00e1s la voz singular que elude mas al hombre. Respondiendo al llamado del Creador es lo que Os Guinness llama \u201cel \u00faltimo porqu\u00e9.\u201d En las palabras de Guinness, un llamado es \u201cla verdad que Dios nos llama hacia \u00c9l tan decisivamente que todo lo que somos, todo lo que hacemos, y todo lo que poseemos est\u00e1n investidos de una devoci\u00f3n especial y un dinamismo vivido como una respuesta a su llamamiento y servicio.\u201d (2 unidades)<\/p>\n<div class=\"aligncenter\" style=\"width: full; height: 2px; background-color: #263997; font-size: 0;\"><\/div>\n<h2 style=\"text-align: justify;\"><strong><span style=\"color: #263997;\"><br \/>\nCD-202<\/span><\/strong>\u00a0 C\u00f3mo ser \u00edntimo con Dios<\/h2>\n<p style=\"text-align: justify;\"><span style=\"margin-left: 24px;\">Estaremos<\/span> viendo el crecer en intimidad con Dios a trav\u00e9s de Su Palabra, a trav\u00e9s de la adoraci\u00f3n, a trav\u00e9s de las disciplinas espirituales tales como la soledad, el ayuno, la oraci\u00f3n y servir. Vamos a explorar la b\u00fasqueda de un equilibrio en nuestro caminar y la aplicaci\u00f3n de un enfoque relaci\u00f3nal, en lugar de uno religioso para acercarse a Dios. (2 unidades)<\/p>\n<div class=\"aligncenter\" style=\"width: full; height: 2px; background-color: #263997; font-size: 0;\"><\/div>\n<h2 style=\"text-align: justify;\"><strong><span style=\"color: #263997;\"><br \/>\nCD-280<\/span><\/strong>\u00a0 Tomando Decisiones basados en la Biblia<\/h2>\n<p style=\"text-align: justify;\"><span style=\"margin-left: 24px;\">Este<\/span> curso le ense\u00f1ar\u00e1 como tomar decisiones basados en los principios b\u00edblicos en lugar de la \u201c\u00e9tica\u201d relativa del mundo. El llamado que tenemos sobre nosotros es seguir a Cristo y hacer las cosas que el hizo. Es un llamado a levantarnos a\u00fan sobre los m\u00e1s altos est\u00e1ndares que nos presenta el mundo.<br \/>\n<span style=\"margin-left: 24px;\">Esta<\/span> clase revisar\u00e1 lo que la Biblia nos dice acerca de la relaci\u00f3n entre Dios y el hombre, como esta relaci\u00f3n fue originalmente creada para ser, y como se supone que la toma de decisiones deb\u00eda lograrse conjuntamente entre Dios y el hombre. Tambi\u00e9n mostrar\u00e1 como el pecado del hombre entr\u00f3 por la errada decisi\u00f3n de parte del hombre lo cual ha influenciado la relaci\u00f3n entre la humanidad y Dios y como los hombres toman decisiones ahora. Los elementos de tomar decisiones tales como los motivos, sentimientos, pensamientos y deseos ser\u00e1n examinados y evaluados al punto de cuanto afectan e impactan nuestras decisiones. El predominante tema de esta clase ser\u00e1 conocer de que esp\u00edritu somos en las decisiones que tomamos y que nos afectan a diario. El car\u00e1cter es un ingrediente importante en el entrenamiento de la toma de nuestras decisiones. Analizaremos las caracter\u00edsticas de Dios para aprender si los elementos de nuestras decisiones en nuestro car\u00e1cter son de Dios o provienen del enemigo. (2 unidades)<\/p>\n<div class=\"aligncenter\" style=\"width: full; height: 2px; background-color: #263997; font-size: 0;\"><\/div>\n<h2 style=\"text-align: justify;\"><strong><span style=\"color: #263997;\"><br \/>\nCD-343<\/span><\/strong>\u00a0 Etica Cristiana<\/h2>\n<p style=\"text-align: justify;\"><span style=\"margin-left: 24px;\">Nunca<\/span> ha sido tan grande la necesidad por hombres y mujeres \u00edntegros, quienes vivan vidas en amor y verdad. Los dilemas \u00e9ticos aparecen por todas partes. En los centros comerciales, el trabajo, la iglesia, y en la casa; en las relaciones con la gente, el gobierno, y los medios de comunicaci\u00f3n; econ\u00f3mica, espiritual, moral, y pol\u00edticamente, as\u00ed como en todos los aspectos, los Cristianos son confrontados con preguntas de \u00e9tica. Este curso observa con detalle muchos de estos problemas y ayuda a los estudiantes a adquirir una manera sistem\u00e1tica y b\u00edblica de determinar lo que Cristo har\u00eda en estas situaciones, trayendo a si mismos, un nivel m\u00e1s alto de integridad a sus vidas. (2 unidades)<\/p>\n<div class=\"aligncenter\" style=\"width: full; height: 2px; background-color: #263997; font-size: 0;\"><\/div>\n<h2 style=\"text-align: justify;\"><strong><span style=\"color: #263997;\"><br \/>\nCD-355<\/span><\/strong>\u00a0 El Car\u00e1cter de un L\u00edder<\/h2>\n<p style=\"text-align: justify;\"><span style=\"margin-left: 24px;\">Hay<\/span> muchas demandas a los l\u00edderes de hoy m\u00e1s que nunca. El resultado de esta presi\u00f3n es la causa por la que muchos l\u00edderes fracasan; muchas veces afectando gravemente a quienes dirigen y sobre todo causando mala reputaci\u00f3n al nombre de Cristo. Mas que todo, un l\u00edder necesita poseer un car\u00e1cter santificado, fuerte e \u00edntegro\u2014si anhela terminar bien su carrera. Este curso ayudar\u00e1 a los l\u00edderes a comprender c\u00f3mo desarrollar la fortaleza de un car\u00e1cter necesario para estar firme y prevalecer en el mundo de hoy. (2 unidades)<\/p>\n<div class=\"aligncenter\" style=\"width: full; height: 2px; background-color: #263997; font-size: 0;\"><\/div>\n<h2 style=\"text-align: justify;\"><strong><span style=\"color: #263997;\"><br \/>\nCD-360<\/span><\/strong>\u00a0 Disciplinas Espirituales<\/h2>\n<p style=\"text-align: justify;\"><span style=\"margin-left: 24px;\">El<\/span> pecado es una condici\u00f3n que trabaja a trav\u00e9s de los \u201cmiembros del cuerpo,\u201d es decir, en los h\u00e1bitos arraigados en el cuerpo (Romanos 7:5). Y no hay esclavitud que se pueda comparar a la esclavitud de h\u00e1bitos pecaminosos arraigados. El pecado es parte de la estructura interna de nuestras vidas. No hace falta un esfuerzo especial para producirlo. No nos debe sorprender que nos sintamos atrapados.<br \/>\n<span style=\"margin-left: 24px;\">Nuestro<\/span> m\u00e9todo ordinario de tratar con el pecado arraigado es atacarlo de frente. Dependemos de nuestra voluntad y determinaci\u00f3n. Cualquier problema que tengamos, ya sea ira, miedo, amargura, glotoner\u00eda, orgullo, codicia, drogadicci\u00f3n, etc., nos determinamos a no hacerlo m\u00e1s; oramos en contra el y usamos nuestra voluntad en contra de el. Sin embargo, muchas veces esta lucha es en vano. Lo que necesitamos en un \u201ctrabajo interno,\u201d una transformaci\u00f3n. Es por la gracia de Dios que ganaremos nuestra pelea contra el mal.<br \/>\n<span style=\"margin-left: 24px;\">Dios<\/span> nos ha dado las disciplinas de la vida espiritual para estar en disposici\u00f3n de recibir su gracia: Las disciplinas nos ayudan para colocarnos delante de Dios para que El nos pueda transformar. En este curso, aprenderemos acerca de las disciplinas espirituales de la Biblia y las practicaremos en el sal\u00f3n de clase. Tendr\u00e1s la oportunidad de aprender y poner en pr\u00e1ctica estos tesoros que vienen de Dios. \u00bfQuieres acompa\u00f1arnos en esta aventura y experimentar la libertad que Cristo prometi\u00f3? (2 unidades)<\/p>\n<div class=\"aligncenter\" style=\"width: full; height: 2px; background-color: #263997; font-size: 0;\"><\/div>\n<h2 style=\"text-align: justify;\"><strong><span style=\"color: #263997;\"><br \/>\nCD-445<\/span><\/strong>\u00a0 Cambia Mi Coraz\u00f3n, Oh Dios<\/h2>\n<p style=\"text-align: justify;\"><span style=\"margin-left: 24px;\">Eddie<\/span> Espinosa es quien escribi\u00f3 la famosa canci\u00f3n Cambia Mi Coraz\u00f3n. El la escribi\u00f3 hace a\u00f1os en un tiempo en el que enfrentaba algunas dificultades en su vida. En este poderoso seminario \u00e9l compartir\u00e1 como encontr\u00f3 libertad y como usted puede lograrlo tambi\u00e9n.<br \/>\n<span style=\"margin-left: 24px;\">Este<\/span> seminario es para aquellos que desean ayuda en ser libres de cosas que los limitan en su caminar con Dios, tales como compulsiones, y tambi\u00e9n para aquellos que est\u00e1n ministrando a otros con estas necesidades. Eddie es una persona de sentimientos muy profundos. \u00c9l ha vivido lo que ense\u00f1a y es un sobresaliente maestro. Es muy agradable pasarla con \u00e9l. Tambi\u00e9n posee un don prof\u00e9tico excepcional y probablemente tendr\u00e1 una palabra prof\u00e9tica para algunas personas durante el d\u00eda del seminario \u2014 \u00a1quiz\u00e1s una para ti! Este d\u00eda promete ser un d\u00eda de libertad, de nuevos inicios, e ideas de como ministrar a otros. Ven preparado para ser bendecido. (2 unidades)<\/p>\n","protected":false},"excerpt":{"rendered":"<p>CD-121\u00a0 Desarrollo de Car\u00e1cter El factor c\u00e9ntrico de la Cristiandad es el Se\u00f1or Jesucristo. La Biblia dice que la voluntad perfecta de Dios es que cada uno de nosotros desarrollemos el car\u00e1cter de Su Hijo, Jesucristo (Romanos 8:28\u201329). Cuando Jes\u00fas anduvo en la tierra, El constantemente predicaba del car\u00e1cter divino, y regularmente condenaba a los&#8230; <\/p>\n","protected":false},"author":1,"featured_media":0,"parent":0,"menu_order":0,"comment_status":"closed","ping_status":"closed","template":"page-full.php","meta":[],"_links":{"self":[{"href":"https:\/\/harvest.edu\/wpspanish\/wp-json\/wp\/v2\/pages\/367"}],"collection":[{"href":"https:\/\/harvest.edu\/wpspanish\/wp-json\/wp\/v2\/pages"}],"about":[{"href":"https:\/\/harvest.edu\/wpspanish\/wp-json\/wp\/v2\/types\/page"}],"author":[{"embeddable":true,"href":"https:\/\/harvest.edu\/wpspanish\/wp-json\/wp\/v2\/users\/1"}],"replies":[{"embeddable":true,"href":"https:\/\/harvest.edu\/wpspanish\/wp-json\/wp\/v2\/comments?post=367"}],"version-history":[{"count":7,"href":"https:\/\/harvest.edu\/wpspanish\/wp-json\/wp\/v2\/pages\/367\/revisions"}],"predecessor-version":[{"id":803,"href":"https:\/\/harvest.edu\/wpspanish\/wp-json\/wp\/v2\/pages\/367\/revisions\/803"}],"wp:attachment":[{"href":"https:\/\/harvest.edu\/wpspanish\/wp-json\/wp\/v2\/media?parent=367"}],"curies":[{"name":"wp","href":"https:\/\/api.w.org\/{rel}","templated":true}]}}