{"id":391,"date":"2016-01-20T05:55:24","date_gmt":"2016-01-20T05:55:24","guid":{"rendered":"http:\/\/harvest.edu\/wpspanish\/?page_id=391"},"modified":"2017-11-19T19:53:11","modified_gmt":"2017-11-19T19:53:11","slug":"cursos-adicionales","status":"publish","type":"page","link":"https:\/\/harvest.edu\/wpspanish\/cursos-adicionales\/","title":{"rendered":"CURSOS ADICIONALES"},"content":{"rendered":"<h2 style=\"text-align: justify;\"><strong>Seminarios Especiales<\/strong><\/h2>\n<p style=\"text-align: justify;\"><span style=\"margin-left: 24px;\">Una<\/span> o varias veces durante cada trimestre ser\u00e1 ofrecido un seminario especial sobre un tema de gran inter\u00e9s entre los hijos de Dios. Ser\u00e1n normalmente en d\u00edas s\u00e1bados de 10 AM \u2013 4 PM. Los t\u00f3picos y fechas se dar\u00e1n a conocer conforme hayan de ser fijados en el calendario. (2 unidades cada trimestre)<\/p>\n<p><div class=\"aligncenter\" style=\"width: full; height: 2px; background-color: #263997; font-size: 0;\"><\/div>\n<\/p>\n<h2 style=\"text-align: justify;\"><strong>Nuevos Cursos y Cursos Electivos<\/strong><\/h2>\n<p style=\"text-align: justify;\"><span style=\"margin-left: 24px;\">Electivos<\/span> son cursos y seminarios ofrecidos por los varios departamentos de la Universidad pero no listados en este cat\u00e1logo. Nuevos cursos ser\u00e1n desa\u00adrrollados con la finalidad de cubrir m\u00e1s \u00e1reas de la Biblia, teolog\u00eda, la iglesia, ministerio, vida cristiana y la cambiante situaci\u00f3n mundial. \u00a1Mant\u00e9nte en sinton\u00eda!<\/p>\n","protected":false},"excerpt":{"rendered":"<p>Seminarios Especiales Una o varias veces durante cada trimestre ser\u00e1 ofrecido un seminario especial sobre un tema de gran inter\u00e9s entre los hijos de Dios. Ser\u00e1n normalmente en d\u00edas s\u00e1bados de 10 AM \u2013 4 PM. Los t\u00f3picos y fechas se dar\u00e1n a conocer conforme hayan de ser fijados en el calendario. (2 unidades cada&#8230; <\/p>\n","protected":false},"author":1,"featured_media":0,"parent":0,"menu_order":0,"comment_status":"closed","ping_status":"closed","template":"page-full.php","meta":[],"_links":{"self":[{"href":"https:\/\/harvest.edu\/wpspanish\/wp-json\/wp\/v2\/pages\/391"}],"collection":[{"href":"https:\/\/harvest.edu\/wpspanish\/wp-json\/wp\/v2\/pages"}],"about":[{"href":"https:\/\/harvest.edu\/wpspanish\/wp-json\/wp\/v2\/types\/page"}],"author":[{"embeddable":true,"href":"https:\/\/harvest.edu\/wpspanish\/wp-json\/wp\/v2\/users\/1"}],"replies":[{"embeddable":true,"href":"https:\/\/harvest.edu\/wpspanish\/wp-json\/wp\/v2\/comments?post=391"}],"version-history":[{"count":7,"href":"https:\/\/harvest.edu\/wpspanish\/wp-json\/wp\/v2\/pages\/391\/revisions"}],"predecessor-version":[{"id":806,"href":"https:\/\/harvest.edu\/wpspanish\/wp-json\/wp\/v2\/pages\/391\/revisions\/806"}],"wp:attachment":[{"href":"https:\/\/harvest.edu\/wpspanish\/wp-json\/wp\/v2\/media?parent=391"}],"curies":[{"name":"wp","href":"https:\/\/api.w.org\/{rel}","templated":true}]}}