{"id":454,"date":"2016-02-11T04:15:14","date_gmt":"2016-02-11T04:15:14","guid":{"rendered":"http:\/\/harvest.edu\/wpspanish\/?page_id=454"},"modified":"2017-11-19T19:45:43","modified_gmt":"2017-11-19T19:45:43","slug":"informacion-general","status":"publish","type":"page","link":"https:\/\/harvest.edu\/wpspanish\/informacion-general\/","title":{"rendered":"T\u00cdTULOS"},"content":{"rendered":"<h2 style=\"text-align: justify;\"><span style=\"color: #263997;\"><img loading=\"lazy\" class=\"alignrightnobdr alignright wp-image-272 size-full\" src=\"https:\/\/harvest.edu\/wpspanish\/wp-content\/uploads\/2015\/11\/kachorn300x450globesp2.png\" alt=\"\" width=\"300\" height=\"410\" srcset=\"https:\/\/harvest.edu\/wpspanish\/wp-content\/uploads\/2015\/11\/kachorn300x450globesp2.png 300w, https:\/\/harvest.edu\/wpspanish\/wp-content\/uploads\/2015\/11\/kachorn300x450globesp2-220x300.png 220w\" sizes=\"(max-width: 300px) 100vw, 300px\" \/>Programas de Certificados y T\u00edtulos<\/span><\/h2>\n<p style=\"text-align: justify;\"><span style=\"margin-left: 24px;\">La<\/span> Universidad B\u00edblica Harvest ofrece varios programas de especialidades para llenar las necesidades de cada estudiante. Las pr\u00f3ximas p\u00e1ginas describen los diferentes t\u00edtulos y sus requisitos. Nosotros le animamos firmemente a que se dedique hacia un t\u00edtulo. Muchas personas s\u00f3lo quieren tomar \u201cunos cuantos cursos en la Biblia.\u201d Esto es muy bueno, y hemos preparado un horario que har\u00e1 posible ese deseo, porque es nuestro prop\u00f3sito que todos puedan aprender la palabra de Dios. Estamos contentos de que usted pueda a\u00fan tomar un solo curso, o tantos como desee.<br \/>\n<span style=\"margin-left: 24px;\">Sin embargo, le sugerimos que se dedique para obtener un t\u00edtulo, ya que es de gran valor el proponerse una meta, trabajar arduamente para lograrla y completarla con \u00e9xito. Una de las razones por la que un t\u00edtulo universitario es importante en nuestra sociedad moderna, es porque esto demuestra que una persona es capaz de terminar lo que comienza.<br \/>\n<span style=\"margin-left: 24px;\">Hay<\/span> otros valores tambi\u00e9n, el curr\u00edculo ha sido cuidadosamente estructurado para proveer a cada estudiante con una completa y balanceada educaci\u00f3n en la Biblia, la vida cristiana, y el ministerio. El dejar de tomar ciertos cursos crea brechas que hacen a la persona ser vulnerable en la vida y doctrina.<br \/>\n<span style=\"margin-left: 24px;\">No<\/span> obstante cualquiera que sea su meta, le damos la bienvenida y le ofrecemos la libertad de satisfacer sus necesidades aqu\u00ed en nuestra universidad, no importa el horario que usted escoja. \u00a1Estamos aqu\u00ed para servirle!<\/span><\/p>\n<h2 style=\"text-align: justify;\"><span style=\"color: #263997;\">C\u00f3mo se Logran los T\u00edtulos<\/span><\/h2>\n<p style=\"text-align: justify;\"><span style=\"margin-left: 24px;\">Aqu\u00ed<\/span> vemos c\u00f3mo es que los t\u00edtulos se construyen unos sobre otros. Escoja el nivel que usted desee obtener.<\/p>\n<p style=\"text-align: justify;\"><b>A\u00f1o\u00a0<\/b><b>1 |\u00a0<\/b>Certificado en Estudios B\u00edblicos\u00a0Biblia B\u00e1sica y Teolog\u00eda | <strong>(<\/strong><b>48)\u00a0<\/b><b>Unidades<br \/>\n<strong>\u00a0 \u00a0 \u00a0 \u00a0 \u00a0 \u00a0 \u00a0 \u00a0 \u00a0 \u00a0 \u00a0 \u00a0 \u00a0 \u00a0 \u00a0 \u00a0 \u00a0 \u00a0 \u00a0 \u00a0 \u00a0 \u00a0 \u00a0 \u00a0 \u00a0 \u00a0 \u00a0+<\/strong><br \/>\n<\/b><strong>A\u00f1o 2<\/strong>\u00a0|\u00a0Asociado en Ministerio\u00a0Aptitudes Ministeriales B\u00e1sicas |<b>\u00a0<strong>(<\/strong><b>48)\u00a0<\/b><b>Unidades<br \/>\n<\/b><\/b><b><b>\u00a0 \u00a0 \u00a0 \u00a0 \u00a0 \u00a0 \u00a0 \u00a0 \u00a0 \u00a0 \u00a0 \u00a0 \u00a0 \u00a0 \u00a0 \u00a0 \u00a0 \u00a0 \u00a0 \u00a0 \u00a0 \u00a0 \u00a0 \u00a0 \u00a0 \u00a0 \u00a0+<br \/>\n<strong>A\u00f1o 3<\/strong>\u00a0|\u00a0<\/b><\/b>Diploma Ministerial\u00a0Pastorado o Anciano<b><b> |<b>\u00a0<strong>(<\/strong><b>48)\u00a0<\/b><b>Unidades<br \/>\n<\/b><\/b><\/b><\/b><b><b>\u00a0 \u00a0 \u00a0 \u00a0 \u00a0 \u00a0 \u00a0 \u00a0 \u00a0 \u00a0 \u00a0 \u00a0 \u00a0 \u00a0 \u00a0 \u00a0 \u00a0 \u00a0 \u00a0 \u00a0 \u00a0 \u00a0 \u00a0 \u00a0 \u00a0 \u00a0 \u00a0+<br \/>\n<strong>A\u00f1o\u00a04<\/strong>\u00a0|\u00a0<\/b><\/b>Licenciatura en Ministerio\u00a0Educaci\u00f3n B\u00edblica\u00a0Universitaria Esencial<b><b>\u00a0|<b>\u00a0<strong>(<\/strong><b>48)\u00a0<\/b><b>Unidades<br \/>\n<\/b><\/b>\u00a0 \u00a0 \u00a0 \u00a0 \u00a0 \u00a0 \u00a0 \u00a0 \u00a0 \u00a0 \u00a0 \u00a0 \u00a0 \u00a0 \u00a0 \u00a0 \u00a0 \u00a0 \u00a0 \u00a0 \u00a0 \u00a0 \u00a0 \u00a0 \u00a0 \u00a0 \u00a0+<br \/>\n<strong>A\u00f1o\u00a05<\/strong>\u00a0|\u00a0<\/b><\/b>Maestr\u00eda en Ministerio\u00a0Especialidad<b><b> |<b>\u00a0<strong>(<\/strong><b>48)\u00a0<\/b><b>Unidades<br \/>\n<\/b>\u00a0 \u00a0 \u00a0 \u00a0 \u00a0 \u00a0 \u00a0 \u00a0 \u00a0 \u00a0 \u00a0 \u00a0 \u00a0 \u00a0 \u00a0 \u00a0 \u00a0 \u00a0 \u00a0 \u00a0 \u00a0 \u00a0 \u00a0 \u00a0 \u00a0 \u00a0 \u00a0+<\/b><br \/>\n<strong>A\u00f1o\u00a06<\/strong>\u00a0|\u00a0<\/b><\/b>Maestr\u00eda en Misiones\u00a0Misionero\/a<b><b> |<b>\u00a0<strong>(<\/strong><b>48)\u00a0<\/b><b>Unidades<br \/>\n<\/b><\/b>\u00a0 \u00a0 \u00a0 \u00a0 \u00a0 \u00a0 \u00a0 \u00a0 \u00a0 \u00a0 \u00a0 \u00a0 \u00a0 \u00a0 \u00a0 \u00a0 \u00a0 \u00a0 \u00a0 \u00a0 \u00a0 \u00a0 \u00a0 \u00a0 \u00a0 \u00a0 \u00a0+<br \/>\n<strong>A\u00f1o\u00a07<\/strong>\u00a0|\u00a0<\/b><\/b>Maestr\u00eda en Divinidad\u00a0Ministerio Profesional<b><b> |<b>\u00a0<strong>(<\/strong><b>48)\u00a0<\/b><b>Unidades<br \/>\n<\/b><\/b>\u00a0 \u00a0 \u00a0 \u00a0 \u00a0 \u00a0 \u00a0 \u00a0 \u00a0 \u00a0 \u00a0 \u00a0 \u00a0 \u00a0 \u00a0 \u00a0 \u00a0 \u00a0 \u00a0 \u00a0 \u00a0 \u00a0 \u00a0 \u00a0 \u00a0 \u00a0 \u00a0+<br \/>\n<strong>A\u00f1o\u00a08<\/strong>\u00a0|\u00a0<\/b><\/b>Doctorado en Ministerio\u00a0M\u00e1s Alto Nivel Profesional<b><b> |<b>\u00a0<strong>(<\/strong><b>48)\u00a0<\/b><b>Unidades<\/b><\/b><\/b><br \/>\n<\/b><\/p>\n<h2 style=\"text-align: justify;\"><span style=\"color: #263997;\">Departamentos<\/span><\/h2>\n<p style=\"text-align: justify;\"><span style=\"margin-left: 24px;\"><img loading=\"lazy\" class=\"alignright size-medium wp-image-276\" src=\"https:\/\/harvest.edu\/wpspanish\/wp-content\/uploads\/2015\/11\/IMG_4022_72-300x200.jpg\" alt=\"IMG_4022_72\" width=\"300\" height=\"200\" srcset=\"https:\/\/harvest.edu\/wpspanish\/wp-content\/uploads\/2015\/11\/IMG_4022_72-300x200.jpg 300w, https:\/\/harvest.edu\/wpspanish\/wp-content\/uploads\/2015\/11\/IMG_4022_72.jpg 540w\" sizes=\"(max-width: 300px) 100vw, 300px\" \/>Cada<\/span> curso en Harvest es ofrecido por uno de los siguientes departamentos:\u00a0 Biblia, Teolog\u00eda, Idiomas, Car\u00e1cter, Ministerio o Evangelismo. Cada t\u00edtulo debe tener cursos de cada uno de estos seis departamentos para poder desarrollar un balance adecuado en la vida del estudiante. Hay algunos requisitos espec\u00edficos que son delineados en la secci\u00f3n de descripci\u00f3n de especialidades.<\/p>\n<h2 style=\"text-align: justify;\"><span style=\"color: #263997;\">Nivel de Cursos<\/span><\/h2>\n<p style=\"text-align: justify;\"><span style=\"margin-left: 24px;\">La<\/span> Universidad B\u00edblica Harvest ha sido estructurada a prop\u00f3sito en varias localidades para que los estudiantes se puedan quedar en su \u00e1rea para ministrar mientras asisten a la Universidad a entrenarse para mayor efectividad en el ministerio. Este m\u00e9todo descentralizado requiere que se debe proveer la manera para ofrecer a los estudiantes suficientes cursos para sus t\u00edtulos en las diferentes localidades. Por eso es que cada curso est\u00e1 cuidadosamente preparado para que estudiantes en diferentes niveles los puedan tomar simult\u00e1neamente. Esta manera de aprendizaje significa que muchas veces las tareas, participaci\u00f3n en las clases y escala de grados ser\u00e1n diferentes para los estudiantes graduados y no graduados y apropiadas para su nivel.<\/p>\n<h2 style=\"text-align: justify;\"><span style=\"color: #263997;\">Sistema Num\u00e9rico de Cursos<\/span><\/h2>\n<p style=\"text-align: justify;\"><span style=\"margin-left: 24px;\">Los<\/span> cursos son identificados por las dos letras de la abreviatura del nombre del departamento, seguido por los tres d\u00edgitos del n\u00famero del curso, tal como TH-434. Si el curso se extiende por m\u00e1s de un trimestre, una letra min\u00fascula es agregada para indicar el trimestre (por ejemplo:\u00a0 CD-121a, CD-121b y as\u00ed sucesivamente) para indicar en qu\u00e9 parte de la serie est\u00e1 el curso.<\/p>\n<p style=\"text-align: justify;\"><span style=\"margin-left: 24px;\">Las<\/span> abreviaturas son las siguientes:<\/p>\n<p style=\"text-align: justify;\"><em>BI &#8211; Biblia |\u00a0TH\u00a0&#8211;\u00a0Teolog\u00eda |\u00a0LG &#8211; Idiomas|\u00a0CD &#8211; Car\u00e1cter |\u00a0MN &#8211; Ministerio |\u00a0EV &#8211; Evangelismo<\/em><\/p>\n<p style=\"text-align: justify;\"><span style=\"margin-left: 24px;\">Los<\/span> cursos est\u00e1n numerados de acuerdo al nivel recomendado para ayudar a los estudiantes a desarrollar un plan educacional a largo plazo. Sin embargo, los estudiantes son libres de tomar cursos que se adapten a sus necesidades en cualquier momento en su programa.<\/p>\n<p style=\"text-align: justify;\"><em>Divisi\u00f3n Menor: (100\u00a0 &#8211; 199) Primer A\u00f1o | (200 &#8211; 299) Segundo A\u00f1o<\/em><\/p>\n<p style=\"text-align: justify;\"><em>Divisi\u00f3n Mayor: (300 &#8211; 399) Tercer A\u00f1o | (400 &#8211; 499) Cuarto A\u00f1o<\/em><\/p>\n<p style=\"text-align: justify;\"><em>Graduado: (500 &#8211; 599) Cinco a Ocho A\u00f1os<\/em><\/p>\n<h2 style=\"text-align: justify;\"><span style=\"color: #263997;\">Clases en Tu Idioma<\/span><\/h2>\n<p style=\"text-align: justify;\"><span style=\"margin-left: 24px;\">Harvest<\/span> es la universidad para toda la gente, el lugar donde todas las razas se unen como la familia de Dios para aprender a los pies del Se\u00f1or. Los cursos son impartidos en cualquier idioma cuando se cuenta con suficientes estudiantes para constituir una clase. Para saber qu\u00e9 cursos est\u00e1n disponibles en un lenguaje en particular, ver la lista trimestrial de clases, la cual especifica el idioma de cada curso.<\/p>\n<h2 style=\"text-align: justify;\"><span style=\"color: #263997;\"><strong>Especialidades y Enfoque<\/strong><\/span><\/h2>\n<p style=\"text-align: justify;\"><span style=\"margin-left: 24px;\">Los<\/span> estudiantes pueden especializarse en Ministerio, Misiones o Divinidad, basado en su nivel (licenciado o no licenciado) y en cual de las tres facultades han escogido especializarse.<br \/>\n<span style=\"margin-left: 24px;\">Los<\/span> cursos son ofrecidos por seis diferentes departamentos a todos los estudiantes en las tres facultades. Un cierto n\u00famero de unidades son recomendadas de cada uno de los seis departamentos para cada t\u00edtulo, pero cada estudiante es libre para escoger los cursos que desarrollaran una apropiada concentraci\u00f3n de estudio basada en sus talentos, llamado, ministerio, y necesidades.<\/p>\n","protected":false},"excerpt":{"rendered":"<p>Programas de Certificados y T\u00edtulos La Universidad B\u00edblica Harvest ofrece varios programas de especialidades para llenar las necesidades de cada estudiante. Las pr\u00f3ximas p\u00e1ginas describen los diferentes t\u00edtulos y sus requisitos. Nosotros le animamos firmemente a que se dedique hacia un t\u00edtulo. Muchas personas s\u00f3lo quieren tomar \u201cunos cuantos cursos en la Biblia.\u201d Esto es&#8230; <\/p>\n","protected":false},"author":1,"featured_media":15,"parent":0,"menu_order":0,"comment_status":"closed","ping_status":"closed","template":"page-full.php","meta":[],"_links":{"self":[{"href":"https:\/\/harvest.edu\/wpspanish\/wp-json\/wp\/v2\/pages\/454"}],"collection":[{"href":"https:\/\/harvest.edu\/wpspanish\/wp-json\/wp\/v2\/pages"}],"about":[{"href":"https:\/\/harvest.edu\/wpspanish\/wp-json\/wp\/v2\/types\/page"}],"author":[{"embeddable":true,"href":"https:\/\/harvest.edu\/wpspanish\/wp-json\/wp\/v2\/users\/1"}],"replies":[{"embeddable":true,"href":"https:\/\/harvest.edu\/wpspanish\/wp-json\/wp\/v2\/comments?post=454"}],"version-history":[{"count":5,"href":"https:\/\/harvest.edu\/wpspanish\/wp-json\/wp\/v2\/pages\/454\/revisions"}],"predecessor-version":[{"id":796,"href":"https:\/\/harvest.edu\/wpspanish\/wp-json\/wp\/v2\/pages\/454\/revisions\/796"}],"wp:featuredmedia":[{"embeddable":true,"href":"https:\/\/harvest.edu\/wpspanish\/wp-json\/wp\/v2\/media\/15"}],"wp:attachment":[{"href":"https:\/\/harvest.edu\/wpspanish\/wp-json\/wp\/v2\/media?parent=454"}],"curies":[{"name":"wp","href":"https:\/\/api.w.org\/{rel}","templated":true}]}}