{"id":74,"date":"2015-11-30T05:16:18","date_gmt":"2015-11-30T05:16:18","guid":{"rendered":"http:\/\/harvest.edu\/wpspanish\/?page_id=74"},"modified":"2018-06-01T02:58:53","modified_gmt":"2018-06-01T02:58:53","slug":"administracion-y-la-facultad","status":"publish","type":"page","link":"https:\/\/harvest.edu\/wpspanish\/administracion-y-la-facultad\/","title":{"rendered":"ADMINISTRACI\u00d3N Y FACULTAD"},"content":{"rendered":"<h2><span style=\"color: #263997;\">Junta Directiva<\/span><\/h2>\n<p>Rev. Melvin Acevedo, Presidente<br \/>\nRev. Robert Carter<br \/>\nRev. Joseph Casta\u00f1os<br \/>\nRev. C\u00e9sar L\u00f3pez<\/p>\n<h2><span style=\"color: #263997;\">Administraciones Locales<\/span><\/h2>\n<p><b>RECTOR<\/b><br \/>\nDr. Robert Carter<br \/>\n<b>Facultad DE LA BIBLIA<\/b><br \/>\nDecano: Dr. Paul Buono<br \/>\n<b>Facultad DE ESTUDIOS INTERCULTURALES<\/b><br \/>\nDecano: Dr. Robert Fulton<br \/>\n<b>Facultad DE TEOLOG\u00cdA<\/b><br \/>\nDecano: Dr. Steven Krantz<\/p>\n<h2><span style=\"color: #263997;\">Lideres Internacionales<\/span><\/h2>\n<p><b>Directores Internacionales<br \/>\n<\/b>Dr. Sung Cho<br \/>\nDr. Robert Fulton<br \/>\nDr. Steven Krantz<br \/>\nDr. Byung Min<br \/>\nDr. Kurt Tellers<br \/>\nDr. David Tsai<br \/>\nDr. Aaron Wong<\/p>\n<h2 id=\"tw-target-text\" class=\"tw-data-text vk_txt tw-ta tw-text-medium\" dir=\"ltr\" data-placeholder=\"Translation\"><span lang=\"es\" style=\"color: #263997;\">Facultad Alrededor del Mundo<\/span><\/h2>\n<p>Rev. Melvin Acevedo, B.S., Northern Illinois University<br \/>\nRev. Susan Amiss, B.Min., M.Div., Harvest Bible University<br \/>\n<span style=\"line-height: 1.5;\">Rev. M. P. Arputharaj, B.Th., Miracle Centre Bible Institute, India<\/span><br \/>\nRev. Charles Arumainayagam, B.A., University of Sheffield<br \/>\nDr. Lawrence Arumainayagam, B.Comm., PSGCAS India; Dip.Th., Assemblies of God Bible College; Dip. Rel. Studies, Cambridge University; M.Div., Asia Pacific Theological Seminary; D.D., Harvest Bible University<br \/>\nJacqueline Arthur, B.A., University of California, Riverside; M.A., Fuller Seminary<br \/>\nMarvin Barrera, B.A., California State University, Dominguez Hills; M.Min., M.Div., Harvest Bible University<br \/>\nRev. Andrew Brown, B.A., University of Washington; M.Div., Talbot School of Theology<br \/>\nDr. Paul Buono, B.A., National University; M.Min., D.Min., Harvest Bible University<br \/>\nDr. Robert Carter, B.A., Whittier College; M.Div., Talbot School of Theology; D.Min., Fuller Seminary<br \/>\nRev. Joe Casta\u00f1os, A.A., Los Angeles City College; B.D., Harvest Bible University<br \/>\nSamuel Cerny, Diploma, Tibet University, China; B.A., Vanguard University; M.A., Biola University; Th.M. (cand), Regent University<br \/>\nDr. Woong Cheon, D.Min., Howard University<br \/>\nDr. Young Ju, D.Min., Methodist Theological University<br \/>\nDr. Sang Won Cho, D.Min, Baekseok Graduate School of Theology, Korea; CW, Jesus Theology Graduate School; Th.D., International Theological College<br \/>\nYoung Wook Cho, Claremont University<br \/>\nDr. Sung Do Cho, B.A., Daehan Theological College; M.A., Azusa Pacific University; D.D., Harvest Bible University<br \/>\nDr. Young Taik Cho, B.A., Soongsil University; M.Div., Presbyterian Theological Seminary; D.Min., San Francisco Theological Seminary<br \/>\nRev. Kang Il Choi, MSW., Honam University; DCW, Christian Welfare Graduate School of Harvest Bible University, Korea<br \/>\nDr. James Chu, B.S., National Taiwan University; M.B.A., National Chengchi University; D.Min., Wagner Leadership Institute<br \/>\nRev. Ok Shin Chung, M.A., Philippine Baptist Theological Seminary<br \/>\nRev. Frederick J. Clark, B.A., Philadelphia College of Bible; M.A.,Colombia Grad School of Bible and Missions<br \/>\nDr. William Clark, B.A., University of California, Santa Barbara; Ph.D., University of Washington<br \/>\nRev. Blaine Cook, B.S., M.B.A., California State Polytechnic University, Pomona<br \/>\nRev. Darrell Dahlman, B.A., Seattle Pacific University; Master of Music, Washington University<br \/>\nDr. Edward Dalcour, M.A., Columbia University; PhD, North-Western University, South Africa<br \/>\nRev. Peter Dean, B.Min., M.Min., M.Mis., Harvest Bible University<br \/>\nDr. R. James de Lamare, B.S., California State Polytechnic University, San Luis Obispo; M.Min., D.Min, Harvest Bible University<br \/>\nRev. Tom Douglas, B.A., Harding University; M.S., Abilene Christian University<br \/>\nEidithta Draculan, B.S., University of Santo Tomas; M.A., Trinity College<br \/>\nBishop Willie Dunn, Jr., A.A., Columbia College; B.Th., Guadalupe College; M.Th., Ph.D., International Seminary<br \/>\nRev. Frederick Eirich, A.A., University of Utah; B.Min., M.Div., Harvest Bible University<br \/>\nDr. Festus F. Ekerenam, B.Th., M.Th., D.Rel. Ed., Kingdom Life Christian University, South Africa<br \/>\nRev. Eddie Espinosa, B.A., California State University, Fullerton; M.A., Azusa Pacific University<br \/>\nRev. Darrell Evans, B.Min., Harvest Bible University<br \/>\nRev. Fernando Rodriguez Florez, Bachillerato, Instituto B\u00edblico Santidad Evangelica, M\u00e9xico<br \/>\nRev. Jose Francia, A.Min., Min. Dip., B.Min., M.Min., Harvest Bible University<br \/>\nDr. Bob Fulton, B.A., Biola University; D.D., Harvest Bible University<br \/>\nRev. Alvaro Ivan Galdamez, Min.Dip., B.Min., M.Min., Harvest Bible University<br \/>\nRev. Mario Galvez, Bachillerato, Facultad de Teolog\u00eda de la Cuadrangular<br \/>\nRev. Fabi\u00e1n Garc\u00eda, B.A., University of LaVerne; M.Div. Fuller Seminary<br \/>\nRev. Moises Garc\u00eda, B.Th., Luz Evita; D.Min. (cand.), Claremont School of Theology<br \/>\nRev. Jay Grant, M.A., Melodyland School of Theology<br \/>\nRev. Tony Gonzales, Th.B., Vanguard University<br \/>\nDr. Jae Eun Ha, D.Music, Chase Western College<br \/>\nRev. Garth Halverson, Centralia College<br \/>\nDr. Jin Yong Han, B.SW., Central Digital University; Th.M., Anyang Graduate School of Theology; Ph.D., Logos University, Korea<br \/>\nBonnie Compton Hanson, B.A., University of Kentucky; M.Min., Harvest Bible University<br \/>\nDr. Loren Hatlen, B.S., University of California, Santa Barbara; Ph.D., California Institute of Technology (Cal Tech)<br \/>\nProfessor Juan Manuel Hernandez, Bachillerato, Instituto Bethania<br \/>\nVictor Hoehn, B.A., M.A., University of Arizona<br \/>\nRev. Seoungmok Hong, B.A., University of Sung Guel; M.Div., University of Santo Tomas<br \/>\nRev. Sung Kook Hwang, B.A., Korea University; B.A., Seoul Baptist Theological Seminary<br \/>\nRev. Jerome Ininahazwe, B.Th., All Nations for Christ Bible International, Nigeria<br \/>\nDr. Hyun Jin Jung, Ph.D., Mainz University<br \/>\nDr. Kwon Mo Jung, Ph.D., University of Basel<br \/>\nJun Mo Kang, S.T.M., Boston University School of Theology; Th.M., Yonsei University, Korea<br \/>\nDr. Yong Kyu Kang, D.Min., San Francisco Theological Seminary<br \/>\nRev. Dojin Kim, M.Div., Baekseok University, Korea<br \/>\nRev. Donghee Kim, B.A., Midwest Seminary; D.Min., Hawaii International Graduate School and Seminary<br \/>\nDr. Eui Jong Kim, B.A., Asia United Theological University; M.Div., Chong Shin Theological Seminary; Th.M., Talbot School of Theology; D.Min., Westminster Theological Seminary<br \/>\nDr. Jang Dae Kim, M.Ph., Ph.D., Sydney Graduate School; Ph.D., Kyunghee Graduate School<br \/>\nDr. Joowan Kim, B.A., Kwang Woon Univ; D.Min., Baptist Theological Seminary<br \/>\nDr. Jungil Kim, M.Div., Chongsin Seminary, Korea; Th.M., Th. D., Cohen University and Theological Seminary<br \/>\nDr. Kibok Kim, Ph.D., HIS University, California<br \/>\nRev. Kyo Yuk Kim, Th.M., Grace Seminary, Los Angeles<br \/>\nDr. Si Kim, B.Th., Southern California Community Bible College; M.A., Hope International University; Ph.D., California Graduate School of Theology<br \/>\nDr. Sun Hoi Kim, Th.M., Hanshin Graduate School of Theology, Korea; Th.M., Luther College; S.T.M., Graduate School of Concordia Seminary, St. Louis; Ph.D., University of Alberta at Edmonton, Canada<br \/>\nRev. Sung Sook Kim, B.A., Sung Sim College; B.Min., Seoul Presbyterian Theological Seminary, Korea<br \/>\nDr. Yoon Kyu Kim, Th.D., Ruprecht-Karls Universit\u00e4t, Heidelberg, Germany<br \/>\nDr. Young Fa Kim, B.A., M.Div., Daehan Graduate School of Theology; Ph.D., Yuin University, Korea<br \/>\nDr. Young Ho Kim, D.Min., San Francisco Theological Seminary<br \/>\nDr. Frank Sinpao Ko, M.Div., D.Min., Harvest Bible University<br \/>\nDr. James Ko, D.D., D.Min., Harvest Bible University<br \/>\nRev. Jung Tae Koh, B.Th., Presbyterian Theological College and Seminary, Korea<br \/>\nDr. Datin Helen Koding, B.A., Wesley Institute for Ministry and Art; M.A., University of Miami<br \/>\nDr. Chris Kohlbry, B.A., USC; M.Div., Princeton Theological Seminary; D.Min., Fuller Seminary<br \/>\nDr. Steven Krantz, B.A., University of California, Davis; M.Div., Talbot School of Theology; D.Min., Fuller Seminary<br \/>\nS. Marie Krantz, R.N., B.S., Boston University; M.S., Loma Linda University; M.Min., Harvest Bible University<br \/>\nRev. Seok Ho Kwon, Th.M., Kyungahn Theology Graduate School; DCW, Christian Welfare Graduate School of Harvest Bible University, Korea; D.Min., Yeungnam Theology Graduate School, Korea<br \/>\nDr. Tae Kyung Kwon, Ph.D., Chonshin University, Korea<br \/>\nAaron Lathrop, B.A., M.A., Florida State University; M.Div. Harvest Bible University<br \/>\nRev. Moises Lecca, B.Th., Seminario B\u00edblico Andino; M.Min., M.Div., D.D., Harvest Bible University<br \/>\nDr. Don Barnabas Lee, B.Min., Korea Baptist Seminary; B.A., California Baptist University; M.Div., Golden Gate Baptist Theological Seminary; M.Div., Bethesda Christian University; D.Min., Oral Roberts University<br \/>\nDr. Gun Ho Lee, Ph.D., Fuller Seminary<br \/>\nDr. Jae Bum Lee, Ph.D., Fuller Seminary<br \/>\nDr. Jeong Gu Lee: M.Div., Jang Shin Theological Seminary; D.Min., Institute of Evangelical Theology, Korea<br \/>\nDr. John Dongho Lee, M.Div., Chongsin Seminary, Korea; Ph.D., Oral Roberts University<br \/>\nRev. Myungsook Lee, M.Miss., Hansarang World Mission College<br \/>\nRev. Jos\u00e9 Luis Lemus, B.Min., M.Min., M.Miss., Harvest Bible University<br \/>\nRev. Hyun Sik Lhee, B.A., Westminster Graduate School of Theology, Korea; M.Div., Kosin University, Korea<br \/>\nRev. Jean Liang, B.S., California State University, San Jose; M.Min., Harvest Bible University<br \/>\nRev. Stephen Liang, B.A., Wheaton College; M.Div., Fuller Seminary<br \/>\nHye Kyung Lim, Master of Music, Illinois State University<br \/>\nDr. Sang Kyu Lim, Ph.D., Biblical Theological Seminary<br \/>\nRev. Crisostomo B. Lipana, B.Min., Baptist Theological College<br \/>\nRev. C\u00e9sar L\u00f3pez, M.Div., American Baptist Seminary of the West<br \/>\nRev. Selvin Mario Maaz-Luther, B.Min., M.Min., M.Div., Harvest Bible University<br \/>\nRev. Enrique Maga\u00f1a, B.Min., Harvest Bible University<br \/>\nRev. Ohno Masartoshi, B.A., Henbert Belknap Bible Seminary<br \/>\nRev. Jun Matundan, III, B.A. University of the East; D.Min., Alliance Graduate School of Theology<br \/>\nRev. Juan Antonio Matute, B.Min., M.Min., Harvest Bible University<br \/>\nRev. German May\u00e9n, Certificate, Facultad Latinoam\u00e9rica de Estudios Teol\u00f3gicos; M.Min., M.Div, Harvest Bible University<br \/>\nRev. Ariel Mayorga, A.Min., M.Dip., Harvest Bible University<br \/>\nRev. Lance McGuinnis, Missionary<br \/>\nRev. Samuel Mendez, B.A., Word Bible College<br \/>\nRev. Ra\u00fal Mesa, University of Havana; M.Min., Harvest Bible University<br \/>\nIrma Mesa, B.A., University of Havana<br \/>\nRev. Emilio Meza, Jr., Ministerial Diploma, Facultad de Teolog\u00eda de la Iglesia Cuadrangular; M.Min., Harvest Bible University<br \/>\nIsaac Miller, B.A., Florida State University; M.Div., Harvest Bible University<br \/>\nRev. Phillip Miller, B.A., Olivet Nazarene College<br \/>\nRev. Paul Min, B.A., Dan Kook University; M.Div., Presbyterian Theological Seminary; D.D., Harvest Bible University<br \/>\nDr. Jinnifre Moore-Rice, A.A., Midlands Technical College; B.A., University of South Carolina; M.B.A., International Overcoming School of Religion; D.Div., Evergreen University; D.Div., Harvest Bible University<br \/>\nRev. Nigel Morris, Hope International University<br \/>\nDr. Rev. Clement C. Muwele, B.S., University of Zambia; M.Div., Talbot School of Theology; D.Min., Fuller Seminary; Ph.D., Biola University<br \/>\nDr. William H. Neal, Jr., Florida State University; M.Div., D.D., Harvest Bible University;<br \/>\nRussell Nelson, A.A., Mt. San Antonio College<br \/>\nAbe Nozomi, B.A., M.A., Hebrew University of Jerusalem<br \/>\nTemple O. Okorie, B.Chr.Ed., M.Chr. Ed., Kingdom Life University, South Africa<br \/>\nRev. Samson Olasposi Olasupo, Certificate in Pastoral Ministry, Joint Baptist Pastors\u2019 School, Nigeria; Diploma in Theology, African Church College of Theology, Nigeria; B.Th., Rapture Bible College and Seminary, Chicago; M.A., Soul Winners Bible Institute, Nigeria<br \/>\nRev. Mario Orellana, B.A., California State University, Los Angeles; M.Div., Harvest Bible University, Columbia<br \/>\nDr. Godwin Osung, B.Th, M.Th., D.Miss., Kings Cross Victory Bible College, Ohio; D.Min., Southwestern International Bible College, Florida<br \/>\nRev. Carlos Paiva, B.S., San Marcos University; M.Div., Pacific Lutheran Theological Seminary<br \/>\nDr. Yong Kwon Pak, B.A., Dong Kuk University; L.C.A., Yuin University; A.Min., M.Min., M.Div., Harvest Bible University<br \/>\nDr. Jong Hyun Park, Ph.D., Yonsei University<br \/>\nDr. Jun Seo Park, Ph.D., Princeton Theological Seminary<br \/>\nRev. Soon Hwan Park, Th.M., Chongshin University<br \/>\nRev. Leonard Perata, B.Min., Harvest Bible University<br \/>\nRev. William Pinedo, B.A., Fort Lewis College; M.Ed., Azusa Pacific University<br \/>\nRev. Jaime Estuardo Reyes, B.Min., Harvest Bible University<br \/>\nDr. James Rice, Jr., A.A., Midlands Technical College; B.A., Harvest University Bible College; M.A., International Overcoming School of Religion; D.Div., Evergreen University; D.Min., Harvest Bible University<br \/>\nDr. Leonel M. Robaina, M.Div., American Baptist Seminary of the West, D.Min., Harvest Bible University<br \/>\nRev. Juan Pablo Salv\u00e1, B.A., M.A., American Baptist Seminary of the West<br \/>\nRev. Enrique Santis, A.Min., B.Min., M.Min., Harvest Bible University<br \/>\nRobert Tabor Seelye, Whittier College; Talbot School of Theology<br \/>\nDr. Sung Soo Seo, MCW, DCW, Christian Welfare Graduate School of Harvest Bible University, Korea<br \/>\nDr. Dhong Gio Shin, B.A., Soong Jun University; M.A., Joongang University, Korea; M.A., California Graduate School of Theology; M.Div., Seoul Theological University; Ph.D., Lousiana Baptist University<br \/>\nRev. Geun Su Song, Th.M., Chongshin University, Korea<br \/>\nDr. Donald R. Sunukjian, B.A., University of Southern California; Th.M., Th.D., Dallas Theological Seminary; Ph.D., UCLA<br \/>\nDr. Kurt W. Tellers, CMP; GRI; Dominguez Seminary; A.A., Rio Hondo College; B.A., Southern California Community Bible College; M.Div., D.D., Harvest Bible University; D.D., So. California Community Bible College<br \/>\nRachel Tellers, B.A., M.A., Florida State University; M.Div., Harvest Bible University<br \/>\nTerry J. Totten, B.A., Pacific Lutheran University; M.Min., Harvest Bible University<br \/>\nDr. Tracy Totten, B.A., Pacific Lutheran University; M.Min., M.Div., D.Min., Harvest Bible University<br \/>\nDr. Andrew En Huey Tsai, B.C., Chung Shing University, Taiwan; M.Div., Logos Evangelical Seminary, Los Angeles; D.D., Harvest Bible University<br \/>\nDr. David Tsai, B.A., M.A., M.S., Ph.D., St. Charles University; M.Div. Chinese for Christ Seminary, Los Angeles<br \/>\nDr. Joseph Tsai, B.A., M.S., M.A., Ph.D., St. Charles University<br \/>\nBarbara Tucker, B.A., M.A., California State University, Long Beach<br \/>\nDr. Ime Udowarrie Udoette, B.Th., M.Th., Chr. Ed., Kingdom Life Christian University, South Africa<br \/>\nDr. Edward C. Umana, B.Th., M.Th., D.Rel. Ed., Kingdom Life Christian University, South Africa<br \/>\nDr. Juan de Dios Vaca, B.A., University of California, Santa Barbara; M.A., Point Loma University; M.Div., D.Min., Harvest Bible University<br \/>\nRev. Andr\u00e9s Vazquez, B.Th., Southern California Community Bible College; M.Div., Vision Christian University<br \/>\nDr. Jim Waldron, B.A., University of California, Davis; M.Div., Talbot School of Theology; Ph.D., University of California, Riverside<br \/>\nRev. Gary White, Certificate, Lutheran Bible Institute; B.A., Azusa Pacific University<br \/>\nRev. Richard William, M.A., Regent Bible College, Canada<br \/>\nDr. Don Williams, B.D., Princeton Theological Seminary; Ph.D., Columbia University<br \/>\nRev. Inkyu Won, M.Div., Baekseok University, Korea<br \/>\nDr. Aaron Wong, B.A., M.S., University of Chinese Culture, Taiwan; M.Div., Eastern Theological Seminary, Taiwan; Th.M., Fuller Theological Seminary; D.D., Harvest Bible University<br \/>\nDr. Timothy Yeh, B.A., Feng Chia University; M.Div., Chinese Evangelical Seminary; D.Min., International Theological Seminary<br \/>\nRev. Kyu Sik Yeo, B.Th., Hanshin University; Th.M., Hanshin Graduate School of Theology, Korea<br \/>\nRev. Chong Young Wook, M.A., Claremont Graduate University<br \/>\nDr. Young Keun Yang, B.S., Valley Forge Christian College; M.A., D.R.E., Faith Theological Seminary<br \/>\nDr. Mi Kyung Yun, B.A., Yonsei University; M.Div., Presbyterian Theological Seminary; Th.M., D.Miss., Asia Christian Theological Seminary<\/p>\n","protected":false},"excerpt":{"rendered":"<p>Junta Directiva Rev. Melvin Acevedo, Presidente Rev. Robert Carter Rev. Joseph Casta\u00f1os Rev. C\u00e9sar L\u00f3pez Administraciones Locales RECTOR Dr. Robert Carter Facultad DE LA BIBLIA Decano: Dr. Paul Buono Facultad DE ESTUDIOS INTERCULTURALES Decano: Dr. Robert Fulton Facultad DE TEOLOG\u00cdA Decano: Dr. Steven Krantz Lideres Internacionales Directores Internacionales Dr. Sung Cho Dr. Robert Fulton Dr&#8230;. <\/p>\n","protected":false},"author":1,"featured_media":0,"parent":0,"menu_order":0,"comment_status":"closed","ping_status":"closed","template":"page-full.php","meta":[],"_links":{"self":[{"href":"https:\/\/harvest.edu\/wpspanish\/wp-json\/wp\/v2\/pages\/74"}],"collection":[{"href":"https:\/\/harvest.edu\/wpspanish\/wp-json\/wp\/v2\/pages"}],"about":[{"href":"https:\/\/harvest.edu\/wpspanish\/wp-json\/wp\/v2\/types\/page"}],"author":[{"embeddable":true,"href":"https:\/\/harvest.edu\/wpspanish\/wp-json\/wp\/v2\/users\/1"}],"replies":[{"embeddable":true,"href":"https:\/\/harvest.edu\/wpspanish\/wp-json\/wp\/v2\/comments?post=74"}],"version-history":[{"count":17,"href":"https:\/\/harvest.edu\/wpspanish\/wp-json\/wp\/v2\/pages\/74\/revisions"}],"predecessor-version":[{"id":859,"href":"https:\/\/harvest.edu\/wpspanish\/wp-json\/wp\/v2\/pages\/74\/revisions\/859"}],"wp:attachment":[{"href":"https:\/\/harvest.edu\/wpspanish\/wp-json\/wp\/v2\/media?parent=74"}],"curies":[{"name":"wp","href":"https:\/\/api.w.org\/{rel}","templated":true}]}}